{"id":67478,"date":"2023-07-12T09:10:02","date_gmt":"2023-07-12T09:10:02","guid":{"rendered":"https:\/\/upgrade-q.tedbernhardtz.com\/atworkcollectionshop\/product\/product\/"},"modified":"2024-07-11T20:29:47","modified_gmt":"2024-07-11T20:29:47","slug":"allroundjacka-unisex-andy-501160620","status":"publish","type":"product","link":"https:\/\/upgrade-q.tedbernhardtz.com\/atworkcollectionshop\/se\/produkt\/allroundjacka-unisex-andy-501160620\/","title":{"rendered":"Allroundjacka unisex Andy"},"content":{"rendered":"<p>Andy \u00e4r en allroundjacka fr\u00e5n Ted Bernhardtz At Work. Jackan \u00e4r en kortare modell,\u00a0 har en normal passform i en funktionell design. Yttertyget har en Zelane finish som \u00e4r vatten, vind och smutsavvisande upp till 5000MM\/MVP. Jackan st\u00e4ngs med en tv\u00e5-v\u00e4gs dragkedja med reflex p\u00e5 en sida.\u00a0 Den har tv\u00e5 sidofickor och en br\u00f6stficka med dragkedjor, en avtagbar luva som \u00e4r justerbar samt \u00e4r \u00f6ppningsbar nedtill i ryggen med en dragkedja f\u00f6r m\u00f6jlighet till f\u00f6r\u00e4dling. \u00c4rmarna \u00e4r justerbara nedtill med kardborre, och jackan har en mjuk f\u00f6ljsam ribb-mudd nedtill.<\/p>","protected":false},"excerpt":{"rendered":"Andy \u00e4r en allroundjacka fr\u00e5n Ted Bernhardtz At Work. Jackan \u00e4r en kortare modell,\u00a0 har en normal passform i en funktionell design. Yttertyget har en Zelane finish som \u00e4r vatten, vind och smutsavvisande upp till 5000MM\/MVP. Jackan st\u00e4ngs med en tv\u00e5-v\u00e4gs dragkedja med reflex p\u00e5 en sida.\u00a0 Den har tv\u00e5 sidofickor och en br\u00f6stficka med&#8230;","protected":false},"featured_media":67559,"template":"","meta":[],"product_cat":[30546,2635],"product_tag":[],"acf":[],"lang":"se","translations":{"se":67478,"en":67477},"pll_sync_post":[],"_links":{"self":[{"href":"https:\/\/upgrade-q.tedbernhardtz.com\/atworkcollectionshop\/wp-json\/wp\/v2\/product\/67478"}],"collection":[{"href":"https:\/\/upgrade-q.tedbernhardtz.com\/atworkcollectionshop\/wp-json\/wp\/v2\/product"}],"about":[{"href":"https:\/\/upgrade-q.tedbernhardtz.com\/atworkcollectionshop\/wp-json\/wp\/v2\/types\/product"}],"wp:featuredmedia":[{"embeddable":true,"href":"https:\/\/upgrade-q.tedbernhardtz.com\/atworkcollectionshop\/wp-json\/wp\/v2\/media\/67559"}],"wp:attachment":[{"href":"https:\/\/upgrade-q.tedbernhardtz.com\/atworkcollectionshop\/wp-json\/wp\/v2\/media?parent=67478"}],"wp:term":[{"taxonomy":"product_cat","embeddable":true,"href":"https:\/\/upgrade-q.tedbernhardtz.com\/atworkcollectionshop\/wp-json\/wp\/v2\/product_cat?post=67478"},{"taxonomy":"product_tag","embeddable":true,"href":"https:\/\/upgrade-q.tedbernhardtz.com\/atworkcollectionshop\/wp-json\/wp\/v2\/product_tag?post=67478"}],"curies":[{"name":"wp","href":"https:\/\/api.w.org\/{rel}","templated":true}]}}