{"id":65790,"date":"2023-01-10T21:14:09","date_gmt":"2023-01-10T21:14:09","guid":{"rendered":"https:\/\/upgrade-q.tedbernhardtz.com\/atworkcollectionshop\/product\/product\/"},"modified":"2024-07-11T20:28:59","modified_gmt":"2024-07-11T20:28:59","slug":"funktionsshorts-mod-magnus-2-501131490","status":"publish","type":"product","link":"https:\/\/upgrade-q.tedbernhardtz.com\/atworkcollectionshop\/se\/produkt\/funktionsshorts-mod-magnus-2-501131490\/","title":{"rendered":"Funktionsshorts unisex Magnus"},"content":{"rendered":"<p>Magnus \u00e4r ett par bekv\u00e4ma unisex serviceshorts med benfickor, i full stretchtyg fr\u00e5n Ted Bernhardtz At Work. Shortsen har en normal passform i ett slitstarkt och bekv\u00e4mt stretchtyg som ger extra r\u00f6relsefrihet. Modellen har en metallknapp framtill, D-ring i linningen p\u00e5 h\u00f6ger sida och ett sv\u00e4ngt ok bak f\u00f6r b\u00e4ttre passform. Shortsen har tv\u00e5 sidofickor fram, tv\u00e5 benfickor med lock och dolda fickor med dragkedja. P\u00e5 baksidan finns tv\u00e5 dolda fickor med kardborrekn\u00e4ppning.\u00a0<\/p>","protected":false},"excerpt":{"rendered":"Magnus \u00e4r ett par bekv\u00e4ma unisex serviceshorts med benfickor, i full stretchtyg fr\u00e5n Ted Bernhardtz At Work. Shortsen har en normal passform i ett slitstarkt och bekv\u00e4mt stretchtyg som ger extra r\u00f6relsefrihet. Modellen har en metallknapp framtill, D-ring i linningen p\u00e5 h\u00f6ger sida och ett sv\u00e4ngt ok bak f\u00f6r b\u00e4ttre passform. Shortsen har tv\u00e5 sidofickor&#8230;","protected":false},"featured_media":67525,"template":"","meta":[],"product_cat":[30546,6379],"product_tag":[],"acf":[],"lang":"se","translations":{"se":65790,"en":65789},"pll_sync_post":[],"_links":{"self":[{"href":"https:\/\/upgrade-q.tedbernhardtz.com\/atworkcollectionshop\/wp-json\/wp\/v2\/product\/65790"}],"collection":[{"href":"https:\/\/upgrade-q.tedbernhardtz.com\/atworkcollectionshop\/wp-json\/wp\/v2\/product"}],"about":[{"href":"https:\/\/upgrade-q.tedbernhardtz.com\/atworkcollectionshop\/wp-json\/wp\/v2\/types\/product"}],"wp:featuredmedia":[{"embeddable":true,"href":"https:\/\/upgrade-q.tedbernhardtz.com\/atworkcollectionshop\/wp-json\/wp\/v2\/media\/67525"}],"wp:attachment":[{"href":"https:\/\/upgrade-q.tedbernhardtz.com\/atworkcollectionshop\/wp-json\/wp\/v2\/media?parent=65790"}],"wp:term":[{"taxonomy":"product_cat","embeddable":true,"href":"https:\/\/upgrade-q.tedbernhardtz.com\/atworkcollectionshop\/wp-json\/wp\/v2\/product_cat?post=65790"},{"taxonomy":"product_tag","embeddable":true,"href":"https:\/\/upgrade-q.tedbernhardtz.com\/atworkcollectionshop\/wp-json\/wp\/v2\/product_tag?post=65790"}],"curies":[{"name":"wp","href":"https:\/\/api.w.org\/{rel}","templated":true}]}}