{"id":65093,"date":"2022-08-24T08:10:08","date_gmt":"2022-08-24T08:10:08","guid":{"rendered":"https:\/\/upgrade-q.tedbernhardtz.com\/atworkcollectionshop\/product\/product\/"},"modified":"2024-07-11T20:29:31","modified_gmt":"2024-07-11T20:29:31","slug":"ladies-cardigan-linda-501155520","status":"publish","type":"product","link":"https:\/\/upgrade-q.tedbernhardtz.com\/atworkcollectionshop\/se\/produkt\/ladies-cardigan-linda-501155520\/","title":{"rendered":"Cardigan dam Linda"},"content":{"rendered":"<p>Linda \u00e4r en sl\u00e4tstickad cardigan med dragkedja fr\u00e5n Ted Bernhardtz At Work. V\u00e5r cardigan med dragkedja har en normal passform och \u00e4r stickad ett merinoull\/akrylgarn. V\u00e5r cardigan \u00e4r fully fashion-stickad med dragkedja fram, har ribbad polokrage samt ribb i \u00e4rmslut och nederkant.<\/p>\r\n<p>F\u00f6r en komplett look b\u00e4r du denna cardigan tillsammans med workerchino Pia.<\/p>","protected":false},"excerpt":{"rendered":"Linda \u00e4r en sl\u00e4tstickad cardigan med dragkedja fr\u00e5n Ted Bernhardtz At Work. V\u00e5r cardigan med dragkedja har en normal passform och \u00e4r stickad ett merinoull\/akrylgarn. V\u00e5r cardigan \u00e4r fully fashion-stickad med dragkedja fram, har ribbad polokrage samt ribb i \u00e4rmslut och nederkant. F\u00f6r en komplett look b\u00e4r du denna cardigan tillsammans med workerchino Pia.","protected":false},"featured_media":66723,"template":"","meta":[],"product_cat":[30546,6189,7081],"product_tag":[],"acf":[],"lang":"se","translations":{"se":65093,"en":65092},"pll_sync_post":[],"_links":{"self":[{"href":"https:\/\/upgrade-q.tedbernhardtz.com\/atworkcollectionshop\/wp-json\/wp\/v2\/product\/65093"}],"collection":[{"href":"https:\/\/upgrade-q.tedbernhardtz.com\/atworkcollectionshop\/wp-json\/wp\/v2\/product"}],"about":[{"href":"https:\/\/upgrade-q.tedbernhardtz.com\/atworkcollectionshop\/wp-json\/wp\/v2\/types\/product"}],"wp:featuredmedia":[{"embeddable":true,"href":"https:\/\/upgrade-q.tedbernhardtz.com\/atworkcollectionshop\/wp-json\/wp\/v2\/media\/66723"}],"wp:attachment":[{"href":"https:\/\/upgrade-q.tedbernhardtz.com\/atworkcollectionshop\/wp-json\/wp\/v2\/media?parent=65093"}],"wp:term":[{"taxonomy":"product_cat","embeddable":true,"href":"https:\/\/upgrade-q.tedbernhardtz.com\/atworkcollectionshop\/wp-json\/wp\/v2\/product_cat?post=65093"},{"taxonomy":"product_tag","embeddable":true,"href":"https:\/\/upgrade-q.tedbernhardtz.com\/atworkcollectionshop\/wp-json\/wp\/v2\/product_tag?post=65093"}],"curies":[{"name":"wp","href":"https:\/\/api.w.org\/{rel}","templated":true}]}}