{"id":62916,"date":"2022-03-02T10:08:22","date_gmt":"2022-03-02T10:08:22","guid":{"rendered":"https:\/\/upgrade-q.tedbernhardtz.com\/atworkcollectionshop\/product\/product-4070\/"},"modified":"2024-07-11T20:29:42","modified_gmt":"2024-07-11T20:29:42","slug":"varparkas-dam-elin-501160320","status":"publish","type":"product","link":"https:\/\/upgrade-q.tedbernhardtz.com\/atworkcollectionshop\/se\/produkt\/varparkas-dam-elin-501160320\/","title":{"rendered":"V\u00e5rparkas dam Elin"},"content":{"rendered":"<p>Elin \u00e4r en marinbl\u00e5 v\u00e5r\/allround parkas fr\u00e5n Ted Bernhardtz At Work. Parkasen har en normal passform i en funktionell design och har en justerbar midja. Parkasen har tejpade s\u00f6mmar och en Zelane finish som \u00e4r vatten, vind och smutsavvisande upp till 5000MM\/MVP. Parkasen st\u00e4ngs med en kraftig tv\u00e5-v\u00e4gs dragkedja och en knappsl\u00e5 som st\u00e4ngs med tryckknappar. Parkasen har tv\u00e5 fickor framtill med vattenavvisande dragkedja som har kl\u00e4pp med reflex. Parkasen har en avtagbar luva som \u00e4r justerbar. Parkasen har tv\u00e5 stycken innerfickor upptill som st\u00e4ngs med dragkedja samt tv\u00e5 cargofickor nedtill varav den ena st\u00e4ngs med dragkedja och den andra med kardborre. Parkasen \u00e4r \u00f6ppningsbar nedtill i ryggen med en dragkedja f\u00f6r m\u00f6jlighet till f\u00f6r\u00e4dling. Parkasen har reflexer med magnetf\u00e4stning nedtill p\u00e5 varje sida.<\/p>","protected":false},"excerpt":{"rendered":"Elin \u00e4r en marinbl\u00e5 v\u00e5r\/allround parkas fr\u00e5n Ted Bernhardtz At Work. Parkasen har en normal passform i en funktionell design och har en justerbar midja. Parkasen har tejpade s\u00f6mmar och en Zelane finish som \u00e4r vatten, vind och smutsavvisande upp till 5000MM\/MVP. Parkasen st\u00e4ngs med en kraftig tv\u00e5-v\u00e4gs dragkedja och en knappsl\u00e5 som st\u00e4ngs med&#8230;","protected":false},"featured_media":67428,"template":"","meta":[],"product_cat":[30546,2635],"product_tag":[],"acf":[],"lang":"se","translations":{"se":62916,"en":62915},"pll_sync_post":[],"_links":{"self":[{"href":"https:\/\/upgrade-q.tedbernhardtz.com\/atworkcollectionshop\/wp-json\/wp\/v2\/product\/62916"}],"collection":[{"href":"https:\/\/upgrade-q.tedbernhardtz.com\/atworkcollectionshop\/wp-json\/wp\/v2\/product"}],"about":[{"href":"https:\/\/upgrade-q.tedbernhardtz.com\/atworkcollectionshop\/wp-json\/wp\/v2\/types\/product"}],"wp:featuredmedia":[{"embeddable":true,"href":"https:\/\/upgrade-q.tedbernhardtz.com\/atworkcollectionshop\/wp-json\/wp\/v2\/media\/67428"}],"wp:attachment":[{"href":"https:\/\/upgrade-q.tedbernhardtz.com\/atworkcollectionshop\/wp-json\/wp\/v2\/media?parent=62916"}],"wp:term":[{"taxonomy":"product_cat","embeddable":true,"href":"https:\/\/upgrade-q.tedbernhardtz.com\/atworkcollectionshop\/wp-json\/wp\/v2\/product_cat?post=62916"},{"taxonomy":"product_tag","embeddable":true,"href":"https:\/\/upgrade-q.tedbernhardtz.com\/atworkcollectionshop\/wp-json\/wp\/v2\/product_tag?post=62916"}],"curies":[{"name":"wp","href":"https:\/\/api.w.org\/{rel}","templated":true}]}}