{"id":62544,"date":"2021-12-22T15:10:03","date_gmt":"2021-12-22T15:10:03","guid":{"rendered":"https:\/\/upgrade-q.tedbernhardtz.com\/atworkcollectionshop\/product\/product-4070\/"},"modified":"2024-07-11T20:28:40","modified_gmt":"2024-07-11T20:28:40","slug":"funktionsbyxa-herr-magnus-501130820","status":"publish","type":"product","link":"https:\/\/upgrade-q.tedbernhardtz.com\/atworkcollectionshop\/se\/produkt\/funktionsbyxa-herr-magnus-501130820\/","title":{"rendered":"Funktionsbyxa herr Magnus"},"content":{"rendered":"<p>Magnus \u00e4r en multifunktionell servicebyxa med benfickor i full stretch fr\u00e5n Ted Bernhardtz At Work. Byxan har en normal passform i ett slitstarkt och bekv\u00e4mt stretchtyg som ger extra r\u00f6relsefrihet . Byxan har en metallknapp framtill, D-ring i linningen p\u00e5 h\u00f6ger sida och ett sv\u00e4ngt ok bak f\u00f6r b\u00e4ttre passform. Byxan har tv\u00e5 sidofickor fram, tv\u00e5 benfickor med lock och dolda fickor med dragkedja. Byxans baksida har tv\u00e5 dolda fickor med kardborrekn\u00e4ppning.\u00a0<\/p>","protected":false},"excerpt":{"rendered":"Magnus \u00e4r en multifunktionell servicebyxa med benfickor i full stretch fr\u00e5n Ted Bernhardtz At Work. Byxan har en normal passform i ett slitstarkt och bekv\u00e4mt stretchtyg som ger extra r\u00f6relsefrihet . Byxan har en metallknapp framtill, D-ring i linningen p\u00e5 h\u00f6ger sida och ett sv\u00e4ngt ok bak f\u00f6r b\u00e4ttre passform. Byxan har tv\u00e5 sidofickor fram,&#8230;","protected":false},"featured_media":65047,"template":"","meta":[],"product_cat":[30546,3870,6678],"product_tag":[],"acf":[],"lang":"se","translations":{"se":62544,"en":62543},"pll_sync_post":[],"_links":{"self":[{"href":"https:\/\/upgrade-q.tedbernhardtz.com\/atworkcollectionshop\/wp-json\/wp\/v2\/product\/62544"}],"collection":[{"href":"https:\/\/upgrade-q.tedbernhardtz.com\/atworkcollectionshop\/wp-json\/wp\/v2\/product"}],"about":[{"href":"https:\/\/upgrade-q.tedbernhardtz.com\/atworkcollectionshop\/wp-json\/wp\/v2\/types\/product"}],"wp:featuredmedia":[{"embeddable":true,"href":"https:\/\/upgrade-q.tedbernhardtz.com\/atworkcollectionshop\/wp-json\/wp\/v2\/media\/65047"}],"wp:attachment":[{"href":"https:\/\/upgrade-q.tedbernhardtz.com\/atworkcollectionshop\/wp-json\/wp\/v2\/media?parent=62544"}],"wp:term":[{"taxonomy":"product_cat","embeddable":true,"href":"https:\/\/upgrade-q.tedbernhardtz.com\/atworkcollectionshop\/wp-json\/wp\/v2\/product_cat?post=62544"},{"taxonomy":"product_tag","embeddable":true,"href":"https:\/\/upgrade-q.tedbernhardtz.com\/atworkcollectionshop\/wp-json\/wp\/v2\/product_tag?post=62544"}],"curies":[{"name":"wp","href":"https:\/\/api.w.org\/{rel}","templated":true}]}}