{"id":58248,"date":"2021-10-28T20:12:08","date_gmt":"2021-10-28T20:12:08","guid":{"rendered":"https:\/\/upgrade-q.tedbernhardtz.com\/atworkcollectionshop\/product\/product-14\/"},"modified":"2024-07-11T20:27:22","modified_gmt":"2024-07-11T20:27:22","slug":"skjorta-dam-sofia-lang-arm-501120910","status":"publish","type":"product","link":"https:\/\/upgrade-q.tedbernhardtz.com\/atworkcollectionshop\/se\/produkt\/skjorta-dam-sofia-lang-arm-501120910\/","title":{"rendered":"Skjorta dam Sofia, l\u00e5ng \u00e4rm"},"content":{"rendered":"<p>Sofia \u00e4r en l\u00e5ng\u00e4rmad skjorta i ljusbl\u00e5 bomull\/polyesterblandning fr\u00e5n Ted Bernhardtz At Work. Skjortan har en normal klassisk passform i en l\u00e4ttstruken poplinkvalit\u00e9. Skjortan har en klassisk spetsig krage, synlig knappsl\u00e5 framtill och \u00e4r rakt skuren nertill. Skjortan har tv\u00e5 br\u00f6stfickor varav en med pennficka p\u00e5 v\u00e4nster sida och manschetter med tv\u00e5 knappar.<\/p>","protected":false},"excerpt":{"rendered":"Sofia \u00e4r en l\u00e5ng\u00e4rmad skjorta i ljusbl\u00e5 bomull\/polyesterblandning fr\u00e5n Ted Bernhardtz At Work. Skjortan har en normal klassisk passform i en l\u00e4ttstruken poplinkvalit\u00e9. Skjortan har en klassisk spetsig krage, synlig knappsl\u00e5 framtill och \u00e4r rakt skuren nertill. Skjortan har tv\u00e5 br\u00f6stfickor varav en med pennficka p\u00e5 v\u00e4nster sida och manschetter med tv\u00e5 knappar.","protected":false},"featured_media":66200,"template":"","meta":[],"product_cat":[2661,2674],"product_tag":[],"acf":[],"lang":"se","translations":{"se":58248,"en":58247},"pll_sync_post":[],"_links":{"self":[{"href":"https:\/\/upgrade-q.tedbernhardtz.com\/atworkcollectionshop\/wp-json\/wp\/v2\/product\/58248"}],"collection":[{"href":"https:\/\/upgrade-q.tedbernhardtz.com\/atworkcollectionshop\/wp-json\/wp\/v2\/product"}],"about":[{"href":"https:\/\/upgrade-q.tedbernhardtz.com\/atworkcollectionshop\/wp-json\/wp\/v2\/types\/product"}],"wp:featuredmedia":[{"embeddable":true,"href":"https:\/\/upgrade-q.tedbernhardtz.com\/atworkcollectionshop\/wp-json\/wp\/v2\/media\/66200"}],"wp:attachment":[{"href":"https:\/\/upgrade-q.tedbernhardtz.com\/atworkcollectionshop\/wp-json\/wp\/v2\/media?parent=58248"}],"wp:term":[{"taxonomy":"product_cat","embeddable":true,"href":"https:\/\/upgrade-q.tedbernhardtz.com\/atworkcollectionshop\/wp-json\/wp\/v2\/product_cat?post=58248"},{"taxonomy":"product_tag","embeddable":true,"href":"https:\/\/upgrade-q.tedbernhardtz.com\/atworkcollectionshop\/wp-json\/wp\/v2\/product_tag?post=58248"}],"curies":[{"name":"wp","href":"https:\/\/api.w.org\/{rel}","templated":true}]}}