{"id":58107,"date":"2021-09-03T13:24:25","date_gmt":"2021-09-03T13:24:25","guid":{"rendered":"https:\/\/upgrade-q.tedbernhardtz.com\/atworkcollectionshop\/product\/product-14\/"},"modified":"2024-07-11T20:22:42","modified_gmt":"2024-07-11T20:22:42","slug":"balte-lader-501009090","status":"publish","type":"product","link":"https:\/\/upgrade-q.tedbernhardtz.com\/atworkcollectionshop\/se\/produkt\/balte-lader-501009090\/","title":{"rendered":"B\u00e4lte l\u00e4der"},"content":{"rendered":"<p>Svart l\u00e4derb\u00e4lte fr\u00e5n Ted Bernhardtz At Work. B\u00e4ltet har en klassisk look med ett borstat, platt metallsp\u00e4nne med dold kn\u00e4ppning. Sp\u00e4nnet kan tas bort f\u00f6r kortning av b\u00e4ltesl\u00e4ngden utan att nya h\u00e5l beh\u00f6ver g\u00f6ras.<\/p>\r\n<p>B\u00e4r b\u00e4ltet i n\u00e5gon av Ted Bernhardtz At Works kostymbyxor eller servicebyxor.<\/p>","protected":false},"excerpt":{"rendered":"Svart l\u00e4derb\u00e4lte fr\u00e5n Ted Bernhardtz At Work. B\u00e4ltet har en klassisk look med ett borstat, platt metallsp\u00e4nne med dold kn\u00e4ppning. Sp\u00e4nnet kan tas bort f\u00f6r kortning av b\u00e4ltesl\u00e4ngden utan att nya h\u00e5l beh\u00f6ver g\u00f6ras. B\u00e4r b\u00e4ltet i n\u00e5gon av Ted Bernhardtz At Works kostymbyxor eller servicebyxor.","protected":false},"featured_media":67424,"template":"","meta":[],"product_cat":[5801,5804,5808],"product_tag":[],"acf":[],"lang":"se","translations":{"se":58107,"en":58106},"pll_sync_post":[],"_links":{"self":[{"href":"https:\/\/upgrade-q.tedbernhardtz.com\/atworkcollectionshop\/wp-json\/wp\/v2\/product\/58107"}],"collection":[{"href":"https:\/\/upgrade-q.tedbernhardtz.com\/atworkcollectionshop\/wp-json\/wp\/v2\/product"}],"about":[{"href":"https:\/\/upgrade-q.tedbernhardtz.com\/atworkcollectionshop\/wp-json\/wp\/v2\/types\/product"}],"wp:featuredmedia":[{"embeddable":true,"href":"https:\/\/upgrade-q.tedbernhardtz.com\/atworkcollectionshop\/wp-json\/wp\/v2\/media\/67424"}],"wp:attachment":[{"href":"https:\/\/upgrade-q.tedbernhardtz.com\/atworkcollectionshop\/wp-json\/wp\/v2\/media?parent=58107"}],"wp:term":[{"taxonomy":"product_cat","embeddable":true,"href":"https:\/\/upgrade-q.tedbernhardtz.com\/atworkcollectionshop\/wp-json\/wp\/v2\/product_cat?post=58107"},{"taxonomy":"product_tag","embeddable":true,"href":"https:\/\/upgrade-q.tedbernhardtz.com\/atworkcollectionshop\/wp-json\/wp\/v2\/product_tag?post=58107"}],"curies":[{"name":"wp","href":"https:\/\/api.w.org\/{rel}","templated":true}]}}