{"id":57962,"date":"2021-08-20T13:10:03","date_gmt":"2021-08-20T13:10:03","guid":{"rendered":"https:\/\/upgrade-q.tedbernhardtz.com\/atworkcollectionshop\/product\/product-13\/"},"modified":"2024-07-11T20:28:33","modified_gmt":"2024-07-11T20:28:33","slug":"servicebyxa-herr-joel-501130690","status":"publish","type":"product","link":"https:\/\/upgrade-q.tedbernhardtz.com\/atworkcollectionshop\/se\/produkt\/servicebyxa-herr-joel-501130690\/","title":{"rendered":"Servicebyxa herr Joel"},"content":{"rendered":"<p>Joel \u00e4r en servicebyxa med benfickor i svart bomullsmix fr\u00e5n Ted Bernhardtz At Work. Byxan har en normal passform i slitstark twill perfekt f\u00f6r inomhusbruk. Byxan har en metallknapp framtill, D-ring i linningen p\u00e5 h\u00f6ger sida och ok bak f\u00f6r b\u00e4ttre passform. Byxan har tv\u00e5 sidofickor fram, en integrerad benficka med dragkedja p\u00e5 v\u00e4nster sida, b\u00e5de integrerad benficka och pennficka p\u00e5 h\u00f6ger sida samt tv\u00e5 fickor med lock och kardborrekn\u00e4ppning i oket bak.<\/p>\r\n<p>B\u00e4r byxan med stickad cardigan med dragkedja John f\u00f6r en komplett look.<\/p>","protected":false},"excerpt":{"rendered":"Joel \u00e4r en servicebyxa med benfickor i svart bomullsmix fr\u00e5n Ted Bernhardtz At Work. Byxan har en normal passform i slitstark twill perfekt f\u00f6r inomhusbruk. Byxan har en metallknapp framtill, D-ring i linningen p\u00e5 h\u00f6ger sida och ok bak f\u00f6r b\u00e4ttre passform. Byxan har tv\u00e5 sidofickor fram, en integrerad benficka med dragkedja p\u00e5 v\u00e4nster sida,&#8230;","protected":false},"featured_media":66691,"template":"","meta":[],"product_cat":[30546,7076,3870,6678],"product_tag":[],"acf":[],"lang":"se","translations":{"se":57962,"en":57961},"pll_sync_post":[],"_links":{"self":[{"href":"https:\/\/upgrade-q.tedbernhardtz.com\/atworkcollectionshop\/wp-json\/wp\/v2\/product\/57962"}],"collection":[{"href":"https:\/\/upgrade-q.tedbernhardtz.com\/atworkcollectionshop\/wp-json\/wp\/v2\/product"}],"about":[{"href":"https:\/\/upgrade-q.tedbernhardtz.com\/atworkcollectionshop\/wp-json\/wp\/v2\/types\/product"}],"wp:featuredmedia":[{"embeddable":true,"href":"https:\/\/upgrade-q.tedbernhardtz.com\/atworkcollectionshop\/wp-json\/wp\/v2\/media\/66691"}],"wp:attachment":[{"href":"https:\/\/upgrade-q.tedbernhardtz.com\/atworkcollectionshop\/wp-json\/wp\/v2\/media?parent=57962"}],"wp:term":[{"taxonomy":"product_cat","embeddable":true,"href":"https:\/\/upgrade-q.tedbernhardtz.com\/atworkcollectionshop\/wp-json\/wp\/v2\/product_cat?post=57962"},{"taxonomy":"product_tag","embeddable":true,"href":"https:\/\/upgrade-q.tedbernhardtz.com\/atworkcollectionshop\/wp-json\/wp\/v2\/product_tag?post=57962"}],"curies":[{"name":"wp","href":"https:\/\/api.w.org\/{rel}","templated":true}]}}