{"id":55253,"date":"2019-06-12T08:24:42","date_gmt":"2019-06-12T08:24:42","guid":{"rendered":"https:\/\/upgrade-q.tedbernhardtz.com\/atworkcollectionshop\/product\/product\/"},"modified":"2024-07-11T20:29:26","modified_gmt":"2024-07-11T20:29:26","slug":"nato-cardigan-koster-501155120","status":"publish","type":"product","link":"https:\/\/upgrade-q.tedbernhardtz.com\/atworkcollectionshop\/se\/produkt\/nato-cardigan-koster-501155120\/","title":{"rendered":"Nato cardigan Koster"},"content":{"rendered":"<p>Nato cardigan Koster \u00e4r en marinbl\u00e5 cardigan stickad i halv milano med dragkedja framtill. Nato cardigan har en unisexpassform och \u00e4r stickad i ett ull\/akrylgarn. Nato cardigan \u00e4r fully fashion-stickad med en ribbad polokrage och har ribb vid \u00e4rmslut samt nertill. Nato cardigan har f\u00f6rst\u00e4rkningar p\u00e5 axlar och \u00e4rmar, axelklaffar med kardborre, br\u00f6stficka p\u00e5 h\u00f6ger sida och pennficka p\u00e5 v\u00e4nster \u00e4rm.<\/p>\r\n<p>B\u00e4r Nato cardigan till n\u00e5gon av Ted Bernhardtz At Works byxor.<\/p>","protected":false},"excerpt":{"rendered":"Nato cardigan Koster \u00e4r en marinbl\u00e5 cardigan stickad i halv milano med dragkedja framtill. Nato cardigan har en unisexpassform och \u00e4r stickad i ett ull\/akrylgarn. Nato cardigan \u00e4r fully fashion-stickad med en ribbad polokrage och har ribb vid \u00e4rmslut samt nertill. Nato cardigan har f\u00f6rst\u00e4rkningar p\u00e5 axlar och \u00e4rmar, axelklaffar med kardborre, br\u00f6stficka p\u00e5 h\u00f6ger&#8230;","protected":false},"featured_media":66289,"template":"","meta":[],"product_cat":[30546,6189,7081,6206],"product_tag":[],"acf":[],"lang":"se","translations":{"se":55253,"en":51249},"pll_sync_post":[],"_links":{"self":[{"href":"https:\/\/upgrade-q.tedbernhardtz.com\/atworkcollectionshop\/wp-json\/wp\/v2\/product\/55253"}],"collection":[{"href":"https:\/\/upgrade-q.tedbernhardtz.com\/atworkcollectionshop\/wp-json\/wp\/v2\/product"}],"about":[{"href":"https:\/\/upgrade-q.tedbernhardtz.com\/atworkcollectionshop\/wp-json\/wp\/v2\/types\/product"}],"wp:featuredmedia":[{"embeddable":true,"href":"https:\/\/upgrade-q.tedbernhardtz.com\/atworkcollectionshop\/wp-json\/wp\/v2\/media\/66289"}],"wp:attachment":[{"href":"https:\/\/upgrade-q.tedbernhardtz.com\/atworkcollectionshop\/wp-json\/wp\/v2\/media?parent=55253"}],"wp:term":[{"taxonomy":"product_cat","embeddable":true,"href":"https:\/\/upgrade-q.tedbernhardtz.com\/atworkcollectionshop\/wp-json\/wp\/v2\/product_cat?post=55253"},{"taxonomy":"product_tag","embeddable":true,"href":"https:\/\/upgrade-q.tedbernhardtz.com\/atworkcollectionshop\/wp-json\/wp\/v2\/product_tag?post=55253"}],"curies":[{"name":"wp","href":"https:\/\/api.w.org\/{rel}","templated":true}]}}