{"id":55243,"date":"2019-06-12T08:24:41","date_gmt":"2019-06-12T08:24:41","guid":{"rendered":"https:\/\/upgrade-q.tedbernhardtz.com\/atworkcollectionshop\/product\/product\/"},"modified":"2024-07-11T20:29:25","modified_gmt":"2024-07-11T20:29:25","slug":"nato-troja-vinga-501155064","status":"publish","type":"product","link":"https:\/\/upgrade-q.tedbernhardtz.com\/atworkcollectionshop\/se\/produkt\/nato-troja-vinga-501155064\/","title":{"rendered":"Nato tr\u00f6ja Vinga"},"content":{"rendered":"<p>Nato pullovern Vinga \u00e4r en m\u00f6rk marinbl\u00e5 tr\u00f6ja stickad i halv milano. Nato pullovern har V-hals och unisexpassform och \u00e4r stickad i ett ull\/akrylgarn. Nato pullovern \u00e4r fully fashion-stickad med ribb i \u00e4rmslut och nertill. Nato pullovern har f\u00f6rst\u00e4rkningar p\u00e5 axlar och \u00e4rmar, axelklaffar med kardborre och en pennficka p\u00e5 v\u00e4nster \u00e4rm.<\/p>\r\n<p>B\u00e4r Nato pullovern till n\u00e5gon av Ted Bernhardtz At Works byxor.<\/p>","protected":false},"excerpt":{"rendered":"Nato pullovern Vinga \u00e4r en m\u00f6rk marinbl\u00e5 tr\u00f6ja stickad i halv milano. Nato pullovern har V-hals och unisexpassform och \u00e4r stickad i ett ull\/akrylgarn. Nato pullovern \u00e4r fully fashion-stickad med ribb i \u00e4rmslut och nertill. Nato pullovern har f\u00f6rst\u00e4rkningar p\u00e5 axlar och \u00e4rmar, axelklaffar med kardborre och en pennficka p\u00e5 v\u00e4nster \u00e4rm. B\u00e4r Nato pullovern&#8230;","protected":false},"featured_media":66285,"template":"","meta":[],"product_cat":[30546,6189,6471],"product_tag":[],"acf":[],"lang":"se","translations":{"se":55243,"en":51239},"pll_sync_post":[],"_links":{"self":[{"href":"https:\/\/upgrade-q.tedbernhardtz.com\/atworkcollectionshop\/wp-json\/wp\/v2\/product\/55243"}],"collection":[{"href":"https:\/\/upgrade-q.tedbernhardtz.com\/atworkcollectionshop\/wp-json\/wp\/v2\/product"}],"about":[{"href":"https:\/\/upgrade-q.tedbernhardtz.com\/atworkcollectionshop\/wp-json\/wp\/v2\/types\/product"}],"wp:featuredmedia":[{"embeddable":true,"href":"https:\/\/upgrade-q.tedbernhardtz.com\/atworkcollectionshop\/wp-json\/wp\/v2\/media\/66285"}],"wp:attachment":[{"href":"https:\/\/upgrade-q.tedbernhardtz.com\/atworkcollectionshop\/wp-json\/wp\/v2\/media?parent=55243"}],"wp:term":[{"taxonomy":"product_cat","embeddable":true,"href":"https:\/\/upgrade-q.tedbernhardtz.com\/atworkcollectionshop\/wp-json\/wp\/v2\/product_cat?post=55243"},{"taxonomy":"product_tag","embeddable":true,"href":"https:\/\/upgrade-q.tedbernhardtz.com\/atworkcollectionshop\/wp-json\/wp\/v2\/product_tag?post=55243"}],"curies":[{"name":"wp","href":"https:\/\/api.w.org\/{rel}","templated":true}]}}