{"id":55116,"date":"2019-06-12T08:24:22","date_gmt":"2019-06-12T08:24:22","guid":{"rendered":"https:\/\/upgrade-q.tedbernhardtz.com\/atworkcollectionshop\/product\/product\/"},"modified":"2024-07-11T20:28:29","modified_gmt":"2024-07-11T20:28:29","slug":"servicebyxa-dam-maya-501130590","status":"publish","type":"product","link":"https:\/\/upgrade-q.tedbernhardtz.com\/atworkcollectionshop\/se\/produkt\/servicebyxa-dam-maya-501130590\/","title":{"rendered":"Servicebyxa dam Maya"},"content":{"rendered":"<p>Maya \u00e4r en servicebyxa i svart bomullsmix fr\u00e5n Ted Bernhardtz At Work. Byxan har en normal passform i slitstark twill perfekt f\u00f6r inomhusbruk. Byxan har en metallknapp framtill och ok bak f\u00f6r b\u00e4ttre passform. Byxan har tv\u00e5 sidofickor fram, en pennficka p\u00e5 h\u00f6ger sida och tv\u00e5 fickor med lock och kardborrekn\u00e4ppning i oket bak.<\/p>\r\n<p>B\u00e4r byxan med pik\u00e9tr\u00f6jan Denise f\u00f6r en komplett look.<\/p>","protected":false},"excerpt":{"rendered":"Maya \u00e4r en servicebyxa i svart bomullsmix fr\u00e5n Ted Bernhardtz At Work. Byxan har en normal passform i slitstark twill perfekt f\u00f6r inomhusbruk. Byxan har en metallknapp framtill och ok bak f\u00f6r b\u00e4ttre passform. Byxan har tv\u00e5 sidofickor fram, en pennficka p\u00e5 h\u00f6ger sida och tv\u00e5 fickor med lock och kardborrekn\u00e4ppning i oket bak. B\u00e4r&#8230;","protected":false},"featured_media":56523,"template":"","meta":[],"product_cat":[30546,3870,6678],"product_tag":[],"acf":[],"lang":"se","translations":{"se":55116,"en":51117},"pll_sync_post":[],"_links":{"self":[{"href":"https:\/\/upgrade-q.tedbernhardtz.com\/atworkcollectionshop\/wp-json\/wp\/v2\/product\/55116"}],"collection":[{"href":"https:\/\/upgrade-q.tedbernhardtz.com\/atworkcollectionshop\/wp-json\/wp\/v2\/product"}],"about":[{"href":"https:\/\/upgrade-q.tedbernhardtz.com\/atworkcollectionshop\/wp-json\/wp\/v2\/types\/product"}],"wp:featuredmedia":[{"embeddable":true,"href":"https:\/\/upgrade-q.tedbernhardtz.com\/atworkcollectionshop\/wp-json\/wp\/v2\/media\/56523"}],"wp:attachment":[{"href":"https:\/\/upgrade-q.tedbernhardtz.com\/atworkcollectionshop\/wp-json\/wp\/v2\/media?parent=55116"}],"wp:term":[{"taxonomy":"product_cat","embeddable":true,"href":"https:\/\/upgrade-q.tedbernhardtz.com\/atworkcollectionshop\/wp-json\/wp\/v2\/product_cat?post=55116"},{"taxonomy":"product_tag","embeddable":true,"href":"https:\/\/upgrade-q.tedbernhardtz.com\/atworkcollectionshop\/wp-json\/wp\/v2\/product_tag?post=55116"}],"curies":[{"name":"wp","href":"https:\/\/api.w.org\/{rel}","templated":true}]}}