{"id":54988,"date":"2019-06-12T08:23:59","date_gmt":"2019-06-12T08:23:59","guid":{"rendered":"https:\/\/upgrade-q.tedbernhardtz.com\/atworkcollectionshop\/product\/product\/"},"modified":"2024-07-11T20:28:04","modified_gmt":"2024-07-11T20:28:04","slug":"chinos-dam-lova-5011302","status":"publish","type":"product","link":"https:\/\/upgrade-q.tedbernhardtz.com\/atworkcollectionshop\/se\/produkt\/chinos-dam-lova-5011302\/","title":{"rendered":"Chinos dam Lova"},"content":{"rendered":"<p>Lova \u00e4r en chino i marinbl\u00e5 bomullsstretch fr\u00e5n Ted Bernhardtz At Work. Chinon har en smal passform och klassisk tv\u00e4ttad look i en exklusiv twill med stretch. Chinon har tv\u00e5 sidofickor fram, b\u00e4ltesh\u00e4llor och tv\u00e5 dubbelpasspoalerade fickor med knapp baktill.<\/p>\r\n<p>B\u00e4r chinon separat eller matcha med ullblazern Nadia f\u00f6r en casual look.<\/p>","protected":false},"excerpt":{"rendered":"Lova \u00e4r en chino i marinbl\u00e5 bomullsstretch fr\u00e5n Ted Bernhardtz At Work. Chinon har en smal passform och klassisk tv\u00e4ttad look i en exklusiv twill med stretch. Chinon har tv\u00e5 sidofickor fram, b\u00e4ltesh\u00e4llor och tv\u00e5 dubbelpasspoalerade fickor med knapp baktill. B\u00e4r chinon separat eller matcha med ullblazern Nadia f\u00f6r en casual look.","protected":false},"featured_media":56462,"template":"","meta":[],"product_cat":[30546,7076,3870],"product_tag":[],"acf":[],"lang":"se","translations":{"se":54988,"en":50989},"pll_sync_post":[],"_links":{"self":[{"href":"https:\/\/upgrade-q.tedbernhardtz.com\/atworkcollectionshop\/wp-json\/wp\/v2\/product\/54988"}],"collection":[{"href":"https:\/\/upgrade-q.tedbernhardtz.com\/atworkcollectionshop\/wp-json\/wp\/v2\/product"}],"about":[{"href":"https:\/\/upgrade-q.tedbernhardtz.com\/atworkcollectionshop\/wp-json\/wp\/v2\/types\/product"}],"wp:featuredmedia":[{"embeddable":true,"href":"https:\/\/upgrade-q.tedbernhardtz.com\/atworkcollectionshop\/wp-json\/wp\/v2\/media\/56462"}],"wp:attachment":[{"href":"https:\/\/upgrade-q.tedbernhardtz.com\/atworkcollectionshop\/wp-json\/wp\/v2\/media?parent=54988"}],"wp:term":[{"taxonomy":"product_cat","embeddable":true,"href":"https:\/\/upgrade-q.tedbernhardtz.com\/atworkcollectionshop\/wp-json\/wp\/v2\/product_cat?post=54988"},{"taxonomy":"product_tag","embeddable":true,"href":"https:\/\/upgrade-q.tedbernhardtz.com\/atworkcollectionshop\/wp-json\/wp\/v2\/product_tag?post=54988"}],"curies":[{"name":"wp","href":"https:\/\/api.w.org\/{rel}","templated":true}]}}