{"id":54794,"date":"2019-06-12T08:22:26","date_gmt":"2019-06-12T08:22:26","guid":{"rendered":"https:\/\/upgrade-q.tedbernhardtz.com\/atworkcollectionshop\/product\/product\/"},"modified":"2024-07-11T20:24:37","modified_gmt":"2024-07-11T20:24:37","slug":"kavaj-herr-marcus-dubbelknappt-501101664","status":"publish","type":"product","link":"https:\/\/upgrade-q.tedbernhardtz.com\/atworkcollectionshop\/se\/produkt\/kavaj-herr-marcus-dubbelknappt-501101664\/","title":{"rendered":"Kavaj herr Marcus, dubbelkn\u00e4ppt"},"content":{"rendered":"<p>Marcus \u00e4r en regular fit dubbelkn\u00e4ppt kavaj i m\u00f6rk marinbl\u00e5 ullmix Comfort med stretch fr\u00e5n Ted Bernhardtz At Work. Kavajen har en normal passform och klassisk look med spetsiga slag och twillstruktur i tyget. Kavajen har sex metallknappar framtill varav den kn\u00e4pps med fyra knappar. Kavajen har tv\u00e5 passpoalerade fickor med lock fram och en br\u00f6stficka. Kavajen har en helfodrad insida med tre innerfickor och en pennficka.<\/p>\r\n<p>Matcha g\u00e4rna med byxan Marco regular fit Comfort i m\u00f6rk marin f\u00f6r en hel kostym.<\/p>","protected":false},"excerpt":{"rendered":"Marcus \u00e4r en regular fit dubbelkn\u00e4ppt kavaj i m\u00f6rk marinbl\u00e5 ullmix Comfort med stretch fr\u00e5n Ted Bernhardtz At Work. Kavajen har en normal passform och klassisk look med spetsiga slag och twillstruktur i tyget. Kavajen har sex metallknappar framtill varav den kn\u00e4pps med fyra knappar. Kavajen har tv\u00e5 passpoalerade fickor med lock fram och en&#8230;","protected":false},"featured_media":65981,"template":"","meta":[],"product_cat":[3769,5012,3636,4203,3922],"product_tag":[],"acf":[],"lang":"se","translations":{"se":54794,"en":49712},"pll_sync_post":[],"_links":{"self":[{"href":"https:\/\/upgrade-q.tedbernhardtz.com\/atworkcollectionshop\/wp-json\/wp\/v2\/product\/54794"}],"collection":[{"href":"https:\/\/upgrade-q.tedbernhardtz.com\/atworkcollectionshop\/wp-json\/wp\/v2\/product"}],"about":[{"href":"https:\/\/upgrade-q.tedbernhardtz.com\/atworkcollectionshop\/wp-json\/wp\/v2\/types\/product"}],"wp:featuredmedia":[{"embeddable":true,"href":"https:\/\/upgrade-q.tedbernhardtz.com\/atworkcollectionshop\/wp-json\/wp\/v2\/media\/65981"}],"wp:attachment":[{"href":"https:\/\/upgrade-q.tedbernhardtz.com\/atworkcollectionshop\/wp-json\/wp\/v2\/media?parent=54794"}],"wp:term":[{"taxonomy":"product_cat","embeddable":true,"href":"https:\/\/upgrade-q.tedbernhardtz.com\/atworkcollectionshop\/wp-json\/wp\/v2\/product_cat?post=54794"},{"taxonomy":"product_tag","embeddable":true,"href":"https:\/\/upgrade-q.tedbernhardtz.com\/atworkcollectionshop\/wp-json\/wp\/v2\/product_tag?post=54794"}],"curies":[{"name":"wp","href":"https:\/\/api.w.org\/{rel}","templated":true}]}}