{"id":54703,"date":"2019-06-12T08:22:07","date_gmt":"2019-06-12T08:22:07","guid":{"rendered":"https:\/\/upgrade-q.tedbernhardtz.com\/atworkcollectionshop\/product\/product\/"},"modified":"2024-07-11T20:24:12","modified_gmt":"2024-07-11T20:24:12","slug":"kjol-kira-501101164","status":"publish","type":"product","link":"https:\/\/upgrade-q.tedbernhardtz.com\/atworkcollectionshop\/se\/produkt\/kjol-kira-501101164\/","title":{"rendered":"Kjol Kira"},"content":{"rendered":"<p>Kira \u00e4r en regular fit kjol i\u00a0m\u00f6rk marin\u00a0ullmix Comfort med stretch som kan maskintv\u00e4ttas, fr\u00e5n Ted Bernhardtz At Work. Kjolen \u00e4r pennformad, har en normal passform och klassisk look med twillstruktur i tyget. Kjolen har en kurvad midja med b\u00e4ltesh\u00e4llor och L-formade passpoalfickor framtill. Kjolen \u00e4r helfodrad i kn\u00e4l\u00e4ngd, har en dold dragkedja och knapp mitt bak och slits mitt bak.<\/p>\r\n<p>B\u00e4r kjolen f\u00f6r sig sj\u00e4lv eller matcha med damkavajerna Estelle slim fit Comfort eller Nicole regular fit Comfort f\u00f6r en komplett kostym.<\/p>","protected":false},"excerpt":{"rendered":"Kira \u00e4r en regular fit kjol i\u00a0m\u00f6rk marin\u00a0ullmix Comfort med stretch som kan maskintv\u00e4ttas, fr\u00e5n Ted Bernhardtz At Work. Kjolen \u00e4r pennformad, har en normal passform och klassisk look med twillstruktur i tyget. Kjolen har en kurvad midja med b\u00e4ltesh\u00e4llor och L-formade passpoalfickor framtill. Kjolen \u00e4r helfodrad i kn\u00e4l\u00e4ngd, har en dold dragkedja och knapp&#8230;","protected":false},"featured_media":66441,"template":"","meta":[],"product_cat":[3769,5012,3829,3869],"product_tag":[],"acf":[],"lang":"se","translations":{"se":54703,"en":49509},"pll_sync_post":[],"_links":{"self":[{"href":"https:\/\/upgrade-q.tedbernhardtz.com\/atworkcollectionshop\/wp-json\/wp\/v2\/product\/54703"}],"collection":[{"href":"https:\/\/upgrade-q.tedbernhardtz.com\/atworkcollectionshop\/wp-json\/wp\/v2\/product"}],"about":[{"href":"https:\/\/upgrade-q.tedbernhardtz.com\/atworkcollectionshop\/wp-json\/wp\/v2\/types\/product"}],"wp:featuredmedia":[{"embeddable":true,"href":"https:\/\/upgrade-q.tedbernhardtz.com\/atworkcollectionshop\/wp-json\/wp\/v2\/media\/66441"}],"wp:attachment":[{"href":"https:\/\/upgrade-q.tedbernhardtz.com\/atworkcollectionshop\/wp-json\/wp\/v2\/media?parent=54703"}],"wp:term":[{"taxonomy":"product_cat","embeddable":true,"href":"https:\/\/upgrade-q.tedbernhardtz.com\/atworkcollectionshop\/wp-json\/wp\/v2\/product_cat?post=54703"},{"taxonomy":"product_tag","embeddable":true,"href":"https:\/\/upgrade-q.tedbernhardtz.com\/atworkcollectionshop\/wp-json\/wp\/v2\/product_tag?post=54703"}],"curies":[{"name":"wp","href":"https:\/\/api.w.org\/{rel}","templated":true}]}}