{"id":54504,"date":"2019-06-12T08:21:21","date_gmt":"2019-06-12T08:21:21","guid":{"rendered":"https:\/\/upgrade-q.tedbernhardtz.com\/atworkcollectionshop\/product\/product\/"},"modified":"2024-07-11T20:23:16","modified_gmt":"2024-07-11T20:23:16","slug":"byxa-herr-marco-501100464","status":"publish","type":"product","link":"https:\/\/upgrade-q.tedbernhardtz.com\/atworkcollectionshop\/se\/produkt\/byxa-herr-marco-501100464\/","title":{"rendered":"Byxa herr Marco"},"content":{"rendered":"<p>Marco \u00e4r en regular fit byxa i m\u00f6rk marin ullmix Comfort med stretch som kan maskintv\u00e4ttas, fr\u00e5n Ted Bernhardtz At Work. Byxan har en normal passform och klassisk look med twillstruktur i tyget. Byxan har tv\u00e5 sidofickor fram, tv\u00e5 passpoalfickor bak och kn\u00e4foder framtill. Byxans linning har shirt-stopper p\u00e5 insidan och \u00e4r delad mitt bak f\u00f6r att underl\u00e4tta justering av midjan.<\/p>\r\n<p>Matcha med kavaj Marcel regular fit Comfort om du \u00f6nskar en komplett kostym.<\/p>","protected":false},"excerpt":{"rendered":"Marco \u00e4r en regular fit byxa i m\u00f6rk marin ullmix Comfort med stretch som kan maskintv\u00e4ttas, fr\u00e5n Ted Bernhardtz At Work. Byxan har en normal passform och klassisk look med twillstruktur i tyget. Byxan har tv\u00e5 sidofickor fram, tv\u00e5 passpoalfickor bak och kn\u00e4foder framtill. Byxans linning har shirt-stopper p\u00e5 insidan och \u00e4r delad mitt bak&#8230;","protected":false},"featured_media":66374,"template":"","meta":[],"product_cat":[3769,5012,3870,3896,3912],"product_tag":[],"acf":[],"lang":"se","translations":{"se":54504,"en":49046},"pll_sync_post":[],"_links":{"self":[{"href":"https:\/\/upgrade-q.tedbernhardtz.com\/atworkcollectionshop\/wp-json\/wp\/v2\/product\/54504"}],"collection":[{"href":"https:\/\/upgrade-q.tedbernhardtz.com\/atworkcollectionshop\/wp-json\/wp\/v2\/product"}],"about":[{"href":"https:\/\/upgrade-q.tedbernhardtz.com\/atworkcollectionshop\/wp-json\/wp\/v2\/types\/product"}],"wp:featuredmedia":[{"embeddable":true,"href":"https:\/\/upgrade-q.tedbernhardtz.com\/atworkcollectionshop\/wp-json\/wp\/v2\/media\/66374"}],"wp:attachment":[{"href":"https:\/\/upgrade-q.tedbernhardtz.com\/atworkcollectionshop\/wp-json\/wp\/v2\/media?parent=54504"}],"wp:term":[{"taxonomy":"product_cat","embeddable":true,"href":"https:\/\/upgrade-q.tedbernhardtz.com\/atworkcollectionshop\/wp-json\/wp\/v2\/product_cat?post=54504"},{"taxonomy":"product_tag","embeddable":true,"href":"https:\/\/upgrade-q.tedbernhardtz.com\/atworkcollectionshop\/wp-json\/wp\/v2\/product_tag?post=54504"}],"curies":[{"name":"wp","href":"https:\/\/api.w.org\/{rel}","templated":true}]}}