{"id":53916,"date":"2019-04-30T10:03:27","date_gmt":"2019-04-30T10:03:27","guid":{"rendered":"https:\/\/upgrade-q.tedbernhardtz.com\/atworkcollectionshop\/?post_type=product&#038;p=53916"},"modified":"2024-07-02T00:21:08","modified_gmt":"2024-07-02T00:21:08","slug":"slips-501003520","status":"publish","type":"product","link":"https:\/\/upgrade-q.tedbernhardtz.com\/atworkcollectionshop\/se\/produkt\/slips-501003520\/","title":{"rendered":"Slips"},"content":{"rendered":"<p>Slips i marinbl\u00e5 ullmix fr\u00e5n Ted Bernhardtz At Work. Slipsen \u00e4r i en klassisk modell med twillstruktur i v\u00e4ven.<\/p>\r\n<p>B\u00e4r tillsammans med n\u00e5gon av Ted Bernhardtz At Works kostymer.<\/p>","protected":false},"excerpt":{"rendered":"Slips i marinbl\u00e5 ullmix fr\u00e5n Ted Bernhardtz At Work. Slipsen \u00e4r i en klassisk modell med twillstruktur i v\u00e4ven. B\u00e4r tillsammans med n\u00e5gon av Ted Bernhardtz At Works kostymer.","protected":false},"featured_media":53920,"template":"","meta":[],"product_cat":[5977,5983],"product_tag":[],"acf":[],"lang":"se","translations":{"se":53916,"en":48223},"pll_sync_post":[],"_links":{"self":[{"href":"https:\/\/upgrade-q.tedbernhardtz.com\/atworkcollectionshop\/wp-json\/wp\/v2\/product\/53916"}],"collection":[{"href":"https:\/\/upgrade-q.tedbernhardtz.com\/atworkcollectionshop\/wp-json\/wp\/v2\/product"}],"about":[{"href":"https:\/\/upgrade-q.tedbernhardtz.com\/atworkcollectionshop\/wp-json\/wp\/v2\/types\/product"}],"wp:featuredmedia":[{"embeddable":true,"href":"https:\/\/upgrade-q.tedbernhardtz.com\/atworkcollectionshop\/wp-json\/wp\/v2\/media\/53920"}],"wp:attachment":[{"href":"https:\/\/upgrade-q.tedbernhardtz.com\/atworkcollectionshop\/wp-json\/wp\/v2\/media?parent=53916"}],"wp:term":[{"taxonomy":"product_cat","embeddable":true,"href":"https:\/\/upgrade-q.tedbernhardtz.com\/atworkcollectionshop\/wp-json\/wp\/v2\/product_cat?post=53916"},{"taxonomy":"product_tag","embeddable":true,"href":"https:\/\/upgrade-q.tedbernhardtz.com\/atworkcollectionshop\/wp-json\/wp\/v2\/product_tag?post=53916"}],"curies":[{"name":"wp","href":"https:\/\/api.w.org\/{rel}","templated":true}]}}