{"id":53912,"date":"2019-04-30T10:02:59","date_gmt":"2019-04-30T10:02:59","guid":{"rendered":"https:\/\/upgrade-q.tedbernhardtz.com\/atworkcollectionshop\/?post_type=product&#038;p=53912"},"modified":"2024-07-11T20:20:05","modified_gmt":"2024-07-11T20:20:05","slug":"sakerhetsslips-501003690","status":"publish","type":"product","link":"https:\/\/upgrade-q.tedbernhardtz.com\/atworkcollectionshop\/se\/produkt\/sakerhetsslips-501003690\/","title":{"rendered":"S\u00e4kerhetsslips"},"content":{"rendered":"<p>S\u00e4kerhetsslips i svart ullmix fr\u00e5n Ted Bernhardtz At Work. Slipsen \u00e4r i en klassisk modell med twillstruktur i v\u00e4ven. Slipsen har kardborrekn\u00e4ppning p\u00e5 mitten f\u00f6r s\u00e4ker \u00f6ppning.<\/p>\r\n<p>B\u00e4r tillsammans med n\u00e5gon av Ted Bernhardtz At Works kostymer.<\/p>","protected":false},"excerpt":{"rendered":"S\u00e4kerhetsslips i svart ullmix fr\u00e5n Ted Bernhardtz At Work. Slipsen \u00e4r i en klassisk modell med twillstruktur i v\u00e4ven. Slipsen har kardborrekn\u00e4ppning p\u00e5 mitten f\u00f6r s\u00e4ker \u00f6ppning. B\u00e4r tillsammans med n\u00e5gon av Ted Bernhardtz At Works kostymer.","protected":false},"featured_media":53917,"template":"","meta":[],"product_cat":[5801,5977,5983],"product_tag":[],"acf":[],"lang":"se","translations":{"se":53912,"en":48229},"pll_sync_post":[],"_links":{"self":[{"href":"https:\/\/upgrade-q.tedbernhardtz.com\/atworkcollectionshop\/wp-json\/wp\/v2\/product\/53912"}],"collection":[{"href":"https:\/\/upgrade-q.tedbernhardtz.com\/atworkcollectionshop\/wp-json\/wp\/v2\/product"}],"about":[{"href":"https:\/\/upgrade-q.tedbernhardtz.com\/atworkcollectionshop\/wp-json\/wp\/v2\/types\/product"}],"wp:featuredmedia":[{"embeddable":true,"href":"https:\/\/upgrade-q.tedbernhardtz.com\/atworkcollectionshop\/wp-json\/wp\/v2\/media\/53917"}],"wp:attachment":[{"href":"https:\/\/upgrade-q.tedbernhardtz.com\/atworkcollectionshop\/wp-json\/wp\/v2\/media?parent=53912"}],"wp:term":[{"taxonomy":"product_cat","embeddable":true,"href":"https:\/\/upgrade-q.tedbernhardtz.com\/atworkcollectionshop\/wp-json\/wp\/v2\/product_cat?post=53912"},{"taxonomy":"product_tag","embeddable":true,"href":"https:\/\/upgrade-q.tedbernhardtz.com\/atworkcollectionshop\/wp-json\/wp\/v2\/product_tag?post=53912"}],"curies":[{"name":"wp","href":"https:\/\/api.w.org\/{rel}","templated":true}]}}