{"id":53337,"date":"2019-04-30T10:02:14","date_gmt":"2019-04-30T10:02:14","guid":{"rendered":"https:\/\/upgrade-q.tedbernhardtz.com\/atworkcollectionshop\/?post_type=product&#038;p=53337"},"modified":"2024-07-11T20:20:07","modified_gmt":"2024-07-11T20:20:07","slug":"gravidbyxa-lara-501004780","status":"publish","type":"product","link":"https:\/\/upgrade-q.tedbernhardtz.com\/atworkcollectionshop\/se\/produkt\/gravidbyxa-lara-501004780\/","title":{"rendered":"Gravidbyxa Lara"},"content":{"rendered":"<p>Lara \u00e4r en gravidbyxa i antracitgr\u00e5 ullmix med stretch som kan maskintv\u00e4ttas, fr\u00e5n Ted Bernhardtz At Work. Byxan har en normal passform och klassisk look med twillstuktur i tyget. Byxan har en h\u00f6g midja i svart trik\u00e5 med res\u00e5rband och knappar f\u00f6r b\u00e4sta komfort. Byxan har b\u00e4ltesh\u00e4llor och tv\u00e5 fickor fram.<\/p>\r\n<p>Matcha med gravidskjortan Sofie f\u00f6r en komplett look.<\/p>","protected":false},"excerpt":{"rendered":"Lara \u00e4r en gravidbyxa i antracitgr\u00e5 ullmix med stretch som kan maskintv\u00e4ttas, fr\u00e5n Ted Bernhardtz At Work. Byxan har en normal passform och klassisk look med twillstuktur i tyget. Byxan har en h\u00f6g midja i svart trik\u00e5 med res\u00e5rband och knappar f\u00f6r b\u00e4sta komfort. Byxan har b\u00e4ltesh\u00e4llor och tv\u00e5 fickor fram. Matcha med gravidskjortan Sofie&#8230;","protected":false},"featured_media":53769,"template":"","meta":[],"product_cat":[3769,5012,3870,3896,7045,6506,6479,6544],"product_tag":[],"acf":[],"lang":"se","translations":{"se":53337,"en":48242},"pll_sync_post":[],"_links":{"self":[{"href":"https:\/\/upgrade-q.tedbernhardtz.com\/atworkcollectionshop\/wp-json\/wp\/v2\/product\/53337"}],"collection":[{"href":"https:\/\/upgrade-q.tedbernhardtz.com\/atworkcollectionshop\/wp-json\/wp\/v2\/product"}],"about":[{"href":"https:\/\/upgrade-q.tedbernhardtz.com\/atworkcollectionshop\/wp-json\/wp\/v2\/types\/product"}],"wp:featuredmedia":[{"embeddable":true,"href":"https:\/\/upgrade-q.tedbernhardtz.com\/atworkcollectionshop\/wp-json\/wp\/v2\/media\/53769"}],"wp:attachment":[{"href":"https:\/\/upgrade-q.tedbernhardtz.com\/atworkcollectionshop\/wp-json\/wp\/v2\/media?parent=53337"}],"wp:term":[{"taxonomy":"product_cat","embeddable":true,"href":"https:\/\/upgrade-q.tedbernhardtz.com\/atworkcollectionshop\/wp-json\/wp\/v2\/product_cat?post=53337"},{"taxonomy":"product_tag","embeddable":true,"href":"https:\/\/upgrade-q.tedbernhardtz.com\/atworkcollectionshop\/wp-json\/wp\/v2\/product_tag?post=53337"}],"curies":[{"name":"wp","href":"https:\/\/api.w.org\/{rel}","templated":true}]}}