{"id":53322,"date":"2019-04-30T10:00:51","date_gmt":"2019-04-30T10:00:51","guid":{"rendered":"https:\/\/upgrade-q.tedbernhardtz.com\/atworkcollectionshop\/?post_type=product&#038;p=53322"},"modified":"2024-07-11T20:20:16","modified_gmt":"2024-07-11T20:20:16","slug":"pike-dam-denise-501005020","status":"publish","type":"product","link":"https:\/\/upgrade-q.tedbernhardtz.com\/atworkcollectionshop\/se\/produkt\/pike-dam-denise-501005020\/","title":{"rendered":"Pik\u00e9 dam Denise"},"content":{"rendered":"<p>Denise \u00e4r en marinbl\u00e5 kort\u00e4rmad pik\u00e9skjorta fr\u00e5n Ted Bernhardtz At Work. Pik\u00e9skjortan \u00e4r stickad i en bomull\/polyestermix med krage i samma material som kroppen f\u00f6r en dressad look. Pik\u00e9skjortan har en normal passform med fem knappar framtill, korta \u00e4rmar och sidoslitsar nertill.<\/p>\r\n<p>B\u00e4r pik\u00e9skjortan tillsammans med n\u00e5gon av Ted Bernhardtz At Works chinos.<\/p>","protected":false},"excerpt":{"rendered":"Denise \u00e4r en marinbl\u00e5 kort\u00e4rmad pik\u00e9skjorta fr\u00e5n Ted Bernhardtz At Work. Pik\u00e9skjortan \u00e4r stickad i en bomull\/polyestermix med krage i samma material som kroppen f\u00f6r en dressad look. Pik\u00e9skjortan har en normal passform med fem knappar framtill, korta \u00e4rmar och sidoslitsar nertill. B\u00e4r pik\u00e9skjortan tillsammans med n\u00e5gon av Ted Bernhardtz At Works chinos.","protected":false},"featured_media":53731,"template":"","meta":[],"product_cat":[30546,7076,7085,6392],"product_tag":[],"acf":[],"lang":"se","translations":{"se":53322,"en":48304},"pll_sync_post":[],"_links":{"self":[{"href":"https:\/\/upgrade-q.tedbernhardtz.com\/atworkcollectionshop\/wp-json\/wp\/v2\/product\/53322"}],"collection":[{"href":"https:\/\/upgrade-q.tedbernhardtz.com\/atworkcollectionshop\/wp-json\/wp\/v2\/product"}],"about":[{"href":"https:\/\/upgrade-q.tedbernhardtz.com\/atworkcollectionshop\/wp-json\/wp\/v2\/types\/product"}],"wp:featuredmedia":[{"embeddable":true,"href":"https:\/\/upgrade-q.tedbernhardtz.com\/atworkcollectionshop\/wp-json\/wp\/v2\/media\/53731"}],"wp:attachment":[{"href":"https:\/\/upgrade-q.tedbernhardtz.com\/atworkcollectionshop\/wp-json\/wp\/v2\/media?parent=53322"}],"wp:term":[{"taxonomy":"product_cat","embeddable":true,"href":"https:\/\/upgrade-q.tedbernhardtz.com\/atworkcollectionshop\/wp-json\/wp\/v2\/product_cat?post=53322"},{"taxonomy":"product_tag","embeddable":true,"href":"https:\/\/upgrade-q.tedbernhardtz.com\/atworkcollectionshop\/wp-json\/wp\/v2\/product_tag?post=53322"}],"curies":[{"name":"wp","href":"https:\/\/api.w.org\/{rel}","templated":true}]}}