{"id":53310,"date":"2019-04-30T09:59:44","date_gmt":"2019-04-30T09:59:44","guid":{"rendered":"https:\/\/upgrade-q.tedbernhardtz.com\/atworkcollectionshop\/?post_type=product&#038;p=53310"},"modified":"2024-07-11T20:20:22","modified_gmt":"2024-07-11T20:20:22","slug":"pullover-dam-kajsa-501005220","status":"publish","type":"product","link":"https:\/\/upgrade-q.tedbernhardtz.com\/atworkcollectionshop\/se\/produkt\/pullover-dam-kajsa-501005220\/","title":{"rendered":"Pullover dam Kajsa"},"content":{"rendered":"<p>Kajsa \u00e4r en marinbl\u00e5 sl\u00e4tstickad v-halsad pullover fr\u00e5n Ted Bernhardtz At Work. Pullovern har en normal passform, modern look och \u00e4r stickad i ett bomull\/akryl garn. Pullovern \u00e4r fully fashion-stickad med ribb i \u00e4rmslut och nederkant.<\/p>\r\n<p>B\u00e4r pullovern tillsammans med chinon Lova eller som ett v\u00e4rmande lager under en kavaj fr\u00e5n Ted Bernhardtz At Work.<\/p>","protected":false},"excerpt":{"rendered":"Kajsa \u00e4r en marinbl\u00e5 sl\u00e4tstickad v-halsad pullover fr\u00e5n Ted Bernhardtz At Work. Pullovern har en normal passform, modern look och \u00e4r stickad i ett bomull\/akryl garn. Pullovern \u00e4r fully fashion-stickad med ribb i \u00e4rmslut och nederkant. B\u00e4r pullovern tillsammans med chinon Lova eller som ett v\u00e4rmande lager under en kavaj fr\u00e5n Ted Bernhardtz At Work.","protected":false},"featured_media":53744,"template":"","meta":[],"product_cat":[30546,7076,6189,6471,6427],"product_tag":[],"acf":[],"lang":"se","translations":{"se":53310,"en":48357},"pll_sync_post":[],"_links":{"self":[{"href":"https:\/\/upgrade-q.tedbernhardtz.com\/atworkcollectionshop\/wp-json\/wp\/v2\/product\/53310"}],"collection":[{"href":"https:\/\/upgrade-q.tedbernhardtz.com\/atworkcollectionshop\/wp-json\/wp\/v2\/product"}],"about":[{"href":"https:\/\/upgrade-q.tedbernhardtz.com\/atworkcollectionshop\/wp-json\/wp\/v2\/types\/product"}],"wp:featuredmedia":[{"embeddable":true,"href":"https:\/\/upgrade-q.tedbernhardtz.com\/atworkcollectionshop\/wp-json\/wp\/v2\/media\/53744"}],"wp:attachment":[{"href":"https:\/\/upgrade-q.tedbernhardtz.com\/atworkcollectionshop\/wp-json\/wp\/v2\/media?parent=53310"}],"wp:term":[{"taxonomy":"product_cat","embeddable":true,"href":"https:\/\/upgrade-q.tedbernhardtz.com\/atworkcollectionshop\/wp-json\/wp\/v2\/product_cat?post=53310"},{"taxonomy":"product_tag","embeddable":true,"href":"https:\/\/upgrade-q.tedbernhardtz.com\/atworkcollectionshop\/wp-json\/wp\/v2\/product_tag?post=53310"}],"curies":[{"name":"wp","href":"https:\/\/api.w.org\/{rel}","templated":true}]}}