{"id":53302,"date":"2019-04-30T09:59:16","date_gmt":"2019-04-30T09:59:16","guid":{"rendered":"https:\/\/upgrade-q.tedbernhardtz.com\/atworkcollectionshop\/?post_type=product&#038;p=53302"},"modified":"2024-07-11T20:20:27","modified_gmt":"2024-07-11T20:20:27","slug":"cardigan-herr-mathias-501005378","status":"publish","type":"product","link":"https:\/\/upgrade-q.tedbernhardtz.com\/atworkcollectionshop\/se\/produkt\/cardigan-herr-mathias-501005378\/","title":{"rendered":"Cardigan herr Mathias"},"content":{"rendered":"<p>Mathias \u00e4r en gr\u00e5 sl\u00e4tstickad cardigan fr\u00e5n Ted Bernhardtz At Work. V\u00e5r cardigan har en normal passform och modern look i ett bomull\/akrylgarn. V\u00e5r cardigan \u00e4r fully fashion-stickad med knappar fram och ribb i \u00e4rmslut och nederkant.<\/p>\r\n<p>F\u00f6r en komplett look b\u00e4r du denna cardigan tillsammans med chinon Lucas eller som ett v\u00e4rmande lager under en kavaj fr\u00e5n Ted Bernhardtz At Work.<\/p>","protected":false},"excerpt":{"rendered":"Mathias \u00e4r en gr\u00e5 sl\u00e4tstickad cardigan fr\u00e5n Ted Bernhardtz At Work. V\u00e5r cardigan har en normal passform och modern look i ett bomull\/akrylgarn. V\u00e5r cardigan \u00e4r fully fashion-stickad med knappar fram och ribb i \u00e4rmslut och nederkant. F\u00f6r en komplett look b\u00e4r du denna cardigan tillsammans med chinon Lucas eller som ett v\u00e4rmande lager under&#8230;","protected":false},"featured_media":53755,"template":"","meta":[],"product_cat":[30546,7076,6189,7081,6206],"product_tag":[],"acf":[],"lang":"se","translations":{"se":53302,"en":48401},"pll_sync_post":[],"_links":{"self":[{"href":"https:\/\/upgrade-q.tedbernhardtz.com\/atworkcollectionshop\/wp-json\/wp\/v2\/product\/53302"}],"collection":[{"href":"https:\/\/upgrade-q.tedbernhardtz.com\/atworkcollectionshop\/wp-json\/wp\/v2\/product"}],"about":[{"href":"https:\/\/upgrade-q.tedbernhardtz.com\/atworkcollectionshop\/wp-json\/wp\/v2\/types\/product"}],"wp:featuredmedia":[{"embeddable":true,"href":"https:\/\/upgrade-q.tedbernhardtz.com\/atworkcollectionshop\/wp-json\/wp\/v2\/media\/53755"}],"wp:attachment":[{"href":"https:\/\/upgrade-q.tedbernhardtz.com\/atworkcollectionshop\/wp-json\/wp\/v2\/media?parent=53302"}],"wp:term":[{"taxonomy":"product_cat","embeddable":true,"href":"https:\/\/upgrade-q.tedbernhardtz.com\/atworkcollectionshop\/wp-json\/wp\/v2\/product_cat?post=53302"},{"taxonomy":"product_tag","embeddable":true,"href":"https:\/\/upgrade-q.tedbernhardtz.com\/atworkcollectionshop\/wp-json\/wp\/v2\/product_tag?post=53302"}],"curies":[{"name":"wp","href":"https:\/\/api.w.org\/{rel}","templated":true}]}}