{"id":53296,"date":"2019-04-30T09:59:02","date_gmt":"2019-04-30T09:59:02","guid":{"rendered":"https:\/\/upgrade-q.tedbernhardtz.com\/atworkcollectionshop\/?post_type=product&#038;p=53296"},"modified":"2024-07-11T20:20:30","modified_gmt":"2024-07-11T20:20:30","slug":"cardigan-dam-jessica-501005420","status":"publish","type":"product","link":"https:\/\/upgrade-q.tedbernhardtz.com\/atworkcollectionshop\/se\/produkt\/cardigan-dam-jessica-501005420\/","title":{"rendered":"Cardigan dam Jessica"},"content":{"rendered":"<p>Jessica \u00e4r en marinbl\u00e5 sl\u00e4tstickad cardigan fr\u00e5n Ted Bernhardtz At Work. V\u00e5r cardigan har en normal passform och modern look i ett bomull\/akrylgarn. V\u00e5r cardigan \u00e4r fully fashion-stickad med knappar fram och ribb i \u00e4rmslut och nederkant.<\/p>\r\n<p>F\u00f6r en komplett look b\u00e4r du denna cardigan tillsammans med chinon Lova eller som ett v\u00e4rmande lager under en kavaj fr\u00e5n Ted Bernhardtz At Work.<\/p>","protected":false},"excerpt":{"rendered":"Jessica \u00e4r en marinbl\u00e5 sl\u00e4tstickad cardigan fr\u00e5n Ted Bernhardtz At Work. V\u00e5r cardigan har en normal passform och modern look i ett bomull\/akrylgarn. V\u00e5r cardigan \u00e4r fully fashion-stickad med knappar fram och ribb i \u00e4rmslut och nederkant. F\u00f6r en komplett look b\u00e4r du denna cardigan tillsammans med chinon Lova eller som ett v\u00e4rmande lager under&#8230;","protected":false},"featured_media":53697,"template":"","meta":[],"product_cat":[30546,7076,6189,7081,6206],"product_tag":[],"acf":[],"lang":"se","translations":{"se":53296,"en":48423},"pll_sync_post":[],"_links":{"self":[{"href":"https:\/\/upgrade-q.tedbernhardtz.com\/atworkcollectionshop\/wp-json\/wp\/v2\/product\/53296"}],"collection":[{"href":"https:\/\/upgrade-q.tedbernhardtz.com\/atworkcollectionshop\/wp-json\/wp\/v2\/product"}],"about":[{"href":"https:\/\/upgrade-q.tedbernhardtz.com\/atworkcollectionshop\/wp-json\/wp\/v2\/types\/product"}],"wp:featuredmedia":[{"embeddable":true,"href":"https:\/\/upgrade-q.tedbernhardtz.com\/atworkcollectionshop\/wp-json\/wp\/v2\/media\/53697"}],"wp:attachment":[{"href":"https:\/\/upgrade-q.tedbernhardtz.com\/atworkcollectionshop\/wp-json\/wp\/v2\/media?parent=53296"}],"wp:term":[{"taxonomy":"product_cat","embeddable":true,"href":"https:\/\/upgrade-q.tedbernhardtz.com\/atworkcollectionshop\/wp-json\/wp\/v2\/product_cat?post=53296"},{"taxonomy":"product_tag","embeddable":true,"href":"https:\/\/upgrade-q.tedbernhardtz.com\/atworkcollectionshop\/wp-json\/wp\/v2\/product_tag?post=53296"}],"curies":[{"name":"wp","href":"https:\/\/api.w.org\/{rel}","templated":true}]}}