{"id":53295,"date":"2019-04-30T09:58:19","date_gmt":"2019-04-30T09:58:19","guid":{"rendered":"https:\/\/upgrade-q.tedbernhardtz.com\/atworkcollectionshop\/?post_type=product&#038;p=53295"},"modified":"2024-07-11T20:20:41","modified_gmt":"2024-07-11T20:20:41","slug":"kockrock-dam-heidi-501006100","status":"publish","type":"product","link":"https:\/\/upgrade-q.tedbernhardtz.com\/atworkcollectionshop\/se\/produkt\/kockrock-dam-heidi-501006100\/","title":{"rendered":"Kockrock dam Heidi"},"content":{"rendered":"<p>Heidi \u00e4r en vit kockrock i slitstark bomullsmix fr\u00e5n Ted Bernhardtz At Work. Kockrocken \u00e4r sydd i en h\u00e5llbar twill med en klassisk look och passform med dubbelkn\u00e4ppning fram. Kockrocken har en liten st\u00e5krage, slits i \u00e4rmsluten, avtagbara kulknappar i plast och kan kn\u00e4ppas \u00e5t tv\u00e5 h\u00e5ll.<\/p>","protected":false},"excerpt":{"rendered":"Heidi \u00e4r en vit kockrock i slitstark bomullsmix fr\u00e5n Ted Bernhardtz At Work. Kockrocken \u00e4r sydd i en h\u00e5llbar twill med en klassisk look och passform med dubbelkn\u00e4ppning fram. Kockrocken har en liten st\u00e5krage, slits i \u00e4rmsluten, avtagbara kulknappar i plast och kan kn\u00e4ppas \u00e5t tv\u00e5 h\u00e5ll.","protected":false},"featured_media":53677,"template":"","meta":[],"product_cat":[30546,5898,6297,6316],"product_tag":[],"acf":[],"lang":"se","translations":{"se":53295,"en":48487},"pll_sync_post":[],"_links":{"self":[{"href":"https:\/\/upgrade-q.tedbernhardtz.com\/atworkcollectionshop\/wp-json\/wp\/v2\/product\/53295"}],"collection":[{"href":"https:\/\/upgrade-q.tedbernhardtz.com\/atworkcollectionshop\/wp-json\/wp\/v2\/product"}],"about":[{"href":"https:\/\/upgrade-q.tedbernhardtz.com\/atworkcollectionshop\/wp-json\/wp\/v2\/types\/product"}],"wp:featuredmedia":[{"embeddable":true,"href":"https:\/\/upgrade-q.tedbernhardtz.com\/atworkcollectionshop\/wp-json\/wp\/v2\/media\/53677"}],"wp:attachment":[{"href":"https:\/\/upgrade-q.tedbernhardtz.com\/atworkcollectionshop\/wp-json\/wp\/v2\/media?parent=53295"}],"wp:term":[{"taxonomy":"product_cat","embeddable":true,"href":"https:\/\/upgrade-q.tedbernhardtz.com\/atworkcollectionshop\/wp-json\/wp\/v2\/product_cat?post=53295"},{"taxonomy":"product_tag","embeddable":true,"href":"https:\/\/upgrade-q.tedbernhardtz.com\/atworkcollectionshop\/wp-json\/wp\/v2\/product_tag?post=53295"}],"curies":[{"name":"wp","href":"https:\/\/api.w.org\/{rel}","templated":true}]}}