{"id":53282,"date":"2019-04-30T09:58:33","date_gmt":"2019-04-30T09:58:33","guid":{"rendered":"https:\/\/upgrade-q.tedbernhardtz.com\/atworkcollectionshop\/?post_type=product&#038;p=53282"},"modified":"2024-07-11T20:20:35","modified_gmt":"2024-07-11T20:20:35","slug":"slipover-unisex-aspen-501005590","status":"publish","type":"product","link":"https:\/\/upgrade-q.tedbernhardtz.com\/atworkcollectionshop\/se\/produkt\/slipover-unisex-aspen-501005590\/","title":{"rendered":"Slipover unisex Aspen"},"content":{"rendered":"<p>Aspen \u00e4r en svart sl\u00e4tstickad slipover fr\u00e5n Ted Bernhardtz At Work. Slipovern har unisexpassform och \u00e4r stickad i ett bomull\/akrylgarn. Slipovern \u00e4r fully fashion-stickad med ribb i nederkant.<\/p>\r\n<p>F\u00f6r en komplett look b\u00e4r du slipovern som ett v\u00e4rmande lager \u00f6ver n\u00e5gon av Ted Bernhardtz At Works skjortor.<\/p>","protected":false},"excerpt":{"rendered":"Aspen \u00e4r en svart sl\u00e4tstickad slipover fr\u00e5n Ted Bernhardtz At Work. Slipovern har unisexpassform och \u00e4r stickad i ett bomull\/akrylgarn. Slipovern \u00e4r fully fashion-stickad med ribb i nederkant. F\u00f6r en komplett look b\u00e4r du slipovern som ett v\u00e4rmande lager \u00f6ver n\u00e5gon av Ted Bernhardtz At Works skjortor.","protected":false},"featured_media":53765,"template":"","meta":[],"product_cat":[30546,6189,6493,6516],"product_tag":[],"acf":[],"lang":"se","translations":{"se":53282,"en":48465},"pll_sync_post":[],"_links":{"self":[{"href":"https:\/\/upgrade-q.tedbernhardtz.com\/atworkcollectionshop\/wp-json\/wp\/v2\/product\/53282"}],"collection":[{"href":"https:\/\/upgrade-q.tedbernhardtz.com\/atworkcollectionshop\/wp-json\/wp\/v2\/product"}],"about":[{"href":"https:\/\/upgrade-q.tedbernhardtz.com\/atworkcollectionshop\/wp-json\/wp\/v2\/types\/product"}],"wp:featuredmedia":[{"embeddable":true,"href":"https:\/\/upgrade-q.tedbernhardtz.com\/atworkcollectionshop\/wp-json\/wp\/v2\/media\/53765"}],"wp:attachment":[{"href":"https:\/\/upgrade-q.tedbernhardtz.com\/atworkcollectionshop\/wp-json\/wp\/v2\/media?parent=53282"}],"wp:term":[{"taxonomy":"product_cat","embeddable":true,"href":"https:\/\/upgrade-q.tedbernhardtz.com\/atworkcollectionshop\/wp-json\/wp\/v2\/product_cat?post=53282"},{"taxonomy":"product_tag","embeddable":true,"href":"https:\/\/upgrade-q.tedbernhardtz.com\/atworkcollectionshop\/wp-json\/wp\/v2\/product_tag?post=53282"}],"curies":[{"name":"wp","href":"https:\/\/api.w.org\/{rel}","templated":true}]}}