{"id":53279,"date":"2019-04-30T09:58:26","date_gmt":"2019-04-30T09:58:26","guid":{"rendered":"https:\/\/upgrade-q.tedbernhardtz.com\/atworkcollectionshop\/?post_type=product&#038;p=53279"},"modified":"2024-07-11T20:20:38","modified_gmt":"2024-07-11T20:20:38","slug":"kockrock-herr-carl-501006000","status":"publish","type":"product","link":"https:\/\/upgrade-q.tedbernhardtz.com\/atworkcollectionshop\/se\/produkt\/kockrock-herr-carl-501006000\/","title":{"rendered":"Kockrock herr Carl"},"content":{"rendered":"<p>Carl \u00e4r en vit kockrock i slitstark bomullsmix fr\u00e5n Ted Bernhardtz At Work. Kockrocken \u00e4r sydd i en h\u00e5llbar twill med en klassisk look och passform med dubbelkn\u00e4ppning fram. Kockrocken har en liten st\u00e5krage, slits i \u00e4rmsluten, avtagbara kulknappar i plast och kan kn\u00e4ppas \u00e5t tv\u00e5 h\u00e5ll.<\/p>","protected":false},"excerpt":{"rendered":"Carl \u00e4r en vit kockrock i slitstark bomullsmix fr\u00e5n Ted Bernhardtz At Work. Kockrocken \u00e4r sydd i en h\u00e5llbar twill med en klassisk look och passform med dubbelkn\u00e4ppning fram. Kockrocken har en liten st\u00e5krage, slits i \u00e4rmsluten, avtagbara kulknappar i plast och kan kn\u00e4ppas \u00e5t tv\u00e5 h\u00e5ll.","protected":false},"featured_media":53690,"template":"","meta":[],"product_cat":[30546,5898,6297,6316],"product_tag":[],"acf":[],"lang":"se","translations":{"se":53279,"en":48477},"pll_sync_post":[],"_links":{"self":[{"href":"https:\/\/upgrade-q.tedbernhardtz.com\/atworkcollectionshop\/wp-json\/wp\/v2\/product\/53279"}],"collection":[{"href":"https:\/\/upgrade-q.tedbernhardtz.com\/atworkcollectionshop\/wp-json\/wp\/v2\/product"}],"about":[{"href":"https:\/\/upgrade-q.tedbernhardtz.com\/atworkcollectionshop\/wp-json\/wp\/v2\/types\/product"}],"wp:featuredmedia":[{"embeddable":true,"href":"https:\/\/upgrade-q.tedbernhardtz.com\/atworkcollectionshop\/wp-json\/wp\/v2\/media\/53690"}],"wp:attachment":[{"href":"https:\/\/upgrade-q.tedbernhardtz.com\/atworkcollectionshop\/wp-json\/wp\/v2\/media?parent=53279"}],"wp:term":[{"taxonomy":"product_cat","embeddable":true,"href":"https:\/\/upgrade-q.tedbernhardtz.com\/atworkcollectionshop\/wp-json\/wp\/v2\/product_cat?post=53279"},{"taxonomy":"product_tag","embeddable":true,"href":"https:\/\/upgrade-q.tedbernhardtz.com\/atworkcollectionshop\/wp-json\/wp\/v2\/product_tag?post=53279"}],"curies":[{"name":"wp","href":"https:\/\/api.w.org\/{rel}","templated":true}]}}