{"id":53278,"date":"2019-04-30T09:58:13","date_gmt":"2019-04-30T09:58:13","guid":{"rendered":"https:\/\/upgrade-q.tedbernhardtz.com\/atworkcollectionshop\/?post_type=product&#038;p=53278"},"modified":"2024-07-11T20:20:44","modified_gmt":"2024-07-11T20:20:44","slug":"brostforklade-hemsedal-501006290","status":"publish","type":"product","link":"https:\/\/upgrade-q.tedbernhardtz.com\/atworkcollectionshop\/se\/produkt\/brostforklade-hemsedal-501006290\/","title":{"rendered":"Br\u00f6stf\u00f6rkl\u00e4de Hemsedal"},"content":{"rendered":"<p>Hemsedal \u00e4r ett svart br\u00f6stf\u00f6rkl\u00e4de i bomullsmix fr\u00e5n Ted Bernhardtz At Work. F\u00f6rkl\u00e4det \u00e4r i slitstark twill med v\u00e4vt justebart band runt nacken och v\u00e4vda knytband i midjan. F\u00f6rkl\u00e4det har en ficka framtill p\u00e5 h\u00f6ger sida.<\/p>","protected":false},"excerpt":{"rendered":"Hemsedal \u00e4r ett svart br\u00f6stf\u00f6rkl\u00e4de i bomullsmix fr\u00e5n Ted Bernhardtz At Work. F\u00f6rkl\u00e4det \u00e4r i slitstark twill med v\u00e4vt justebart band runt nacken och v\u00e4vda knytband i midjan. F\u00f6rkl\u00e4det har en ficka framtill p\u00e5 h\u00f6ger sida.","protected":false},"featured_media":56547,"template":"","meta":[],"product_cat":[30546,5898,5906,5912],"product_tag":[],"acf":[],"lang":"se","translations":{"se":53278,"en":48496},"pll_sync_post":[],"_links":{"self":[{"href":"https:\/\/upgrade-q.tedbernhardtz.com\/atworkcollectionshop\/wp-json\/wp\/v2\/product\/53278"}],"collection":[{"href":"https:\/\/upgrade-q.tedbernhardtz.com\/atworkcollectionshop\/wp-json\/wp\/v2\/product"}],"about":[{"href":"https:\/\/upgrade-q.tedbernhardtz.com\/atworkcollectionshop\/wp-json\/wp\/v2\/types\/product"}],"wp:featuredmedia":[{"embeddable":true,"href":"https:\/\/upgrade-q.tedbernhardtz.com\/atworkcollectionshop\/wp-json\/wp\/v2\/media\/56547"}],"wp:attachment":[{"href":"https:\/\/upgrade-q.tedbernhardtz.com\/atworkcollectionshop\/wp-json\/wp\/v2\/media?parent=53278"}],"wp:term":[{"taxonomy":"product_cat","embeddable":true,"href":"https:\/\/upgrade-q.tedbernhardtz.com\/atworkcollectionshop\/wp-json\/wp\/v2\/product_cat?post=53278"},{"taxonomy":"product_tag","embeddable":true,"href":"https:\/\/upgrade-q.tedbernhardtz.com\/atworkcollectionshop\/wp-json\/wp\/v2\/product_tag?post=53278"}],"curies":[{"name":"wp","href":"https:\/\/api.w.org\/{rel}","templated":true}]}}