{"id":53271,"date":"2019-04-30T09:58:00","date_gmt":"2019-04-30T09:58:00","guid":{"rendered":"https:\/\/upgrade-q.tedbernhardtz.com\/atworkcollectionshop\/?post_type=product&#038;p=53271"},"modified":"2024-07-11T20:20:44","modified_gmt":"2024-07-11T20:20:44","slug":"midjeforklade-lillehammer-501006378","status":"publish","type":"product","link":"https:\/\/upgrade-q.tedbernhardtz.com\/atworkcollectionshop\/se\/produkt\/midjeforklade-lillehammer-501006378\/","title":{"rendered":"Midjef\u00f6rkl\u00e4de Lillehammer"},"content":{"rendered":"<p>Lillehammer \u00e4r en midjef\u00f6rkl\u00e4de i bomullsmix fr\u00e5n Ted Bernhardtz At Work. F\u00f6rkl\u00e4det \u00e4r i slitstark twill med v\u00e4vda band i midjan. F\u00f6rkl\u00e4det har en delad ficka framtill.<\/p>","protected":false},"excerpt":{"rendered":"Lillehammer \u00e4r en midjef\u00f6rkl\u00e4de i bomullsmix fr\u00e5n Ted Bernhardtz At Work. F\u00f6rkl\u00e4det \u00e4r i slitstark twill med v\u00e4vda band i midjan. F\u00f6rkl\u00e4det har en delad ficka framtill.","protected":false},"featured_media":56549,"template":"","meta":[],"product_cat":[30546,5898,5906,5912],"product_tag":[],"acf":[],"lang":"se","translations":{"se":53271,"en":48498},"pll_sync_post":[],"_links":{"self":[{"href":"https:\/\/upgrade-q.tedbernhardtz.com\/atworkcollectionshop\/wp-json\/wp\/v2\/product\/53271"}],"collection":[{"href":"https:\/\/upgrade-q.tedbernhardtz.com\/atworkcollectionshop\/wp-json\/wp\/v2\/product"}],"about":[{"href":"https:\/\/upgrade-q.tedbernhardtz.com\/atworkcollectionshop\/wp-json\/wp\/v2\/types\/product"}],"wp:featuredmedia":[{"embeddable":true,"href":"https:\/\/upgrade-q.tedbernhardtz.com\/atworkcollectionshop\/wp-json\/wp\/v2\/media\/56549"}],"wp:attachment":[{"href":"https:\/\/upgrade-q.tedbernhardtz.com\/atworkcollectionshop\/wp-json\/wp\/v2\/media?parent=53271"}],"wp:term":[{"taxonomy":"product_cat","embeddable":true,"href":"https:\/\/upgrade-q.tedbernhardtz.com\/atworkcollectionshop\/wp-json\/wp\/v2\/product_cat?post=53271"},{"taxonomy":"product_tag","embeddable":true,"href":"https:\/\/upgrade-q.tedbernhardtz.com\/atworkcollectionshop\/wp-json\/wp\/v2\/product_tag?post=53271"}],"curies":[{"name":"wp","href":"https:\/\/api.w.org\/{rel}","templated":true}]}}