{"id":53268,"date":"2019-04-30T09:57:41","date_gmt":"2019-04-30T09:57:41","guid":{"rendered":"https:\/\/upgrade-q.tedbernhardtz.com\/atworkcollectionshop\/?post_type=product&#038;p=53268"},"modified":"2024-07-11T20:20:48","modified_gmt":"2024-07-11T20:20:48","slug":"shorts-dam-sara-501006690","status":"publish","type":"product","link":"https:\/\/upgrade-q.tedbernhardtz.com\/atworkcollectionshop\/se\/produkt\/shorts-dam-sara-501006690\/","title":{"rendered":"Shorts dam Sara"},"content":{"rendered":"<p>Sara \u00e4r ett par shorts med benfickor i svart bomullsmix fr\u00e5n Ted Bernhardtz At Work. Shortsen har en normal passform i en slitstark twill. Shortsen har dubbla D-ringar i linningen p\u00e5 h\u00f6ger sida fram och insnitt bak f\u00f6r b\u00e4ttre passform. Shortsen har tv\u00e5 sidofickor fram, passpoalfickor bak, benfickor med lock och kardborrekn\u00e4ppning samt ytterligare penn- och mobilficka p\u00e5 h\u00f6ger sida.<\/p>","protected":false},"excerpt":{"rendered":"Sara \u00e4r ett par shorts med benfickor i svart bomullsmix fr\u00e5n Ted Bernhardtz At Work. Shortsen har en normal passform i en slitstark twill. Shortsen har dubbla D-ringar i linningen p\u00e5 h\u00f6ger sida fram och insnitt bak f\u00f6r b\u00e4ttre passform. Shortsen har tv\u00e5 sidofickor fram, passpoalfickor bak, benfickor med lock och kardborrekn\u00e4ppning samt ytterligare penn-&#8230;","protected":false},"featured_media":53757,"template":"","meta":[],"product_cat":[30546,6379,6403],"product_tag":[],"acf":[],"lang":"se","translations":{"se":53268,"en":48537},"pll_sync_post":[],"_links":{"self":[{"href":"https:\/\/upgrade-q.tedbernhardtz.com\/atworkcollectionshop\/wp-json\/wp\/v2\/product\/53268"}],"collection":[{"href":"https:\/\/upgrade-q.tedbernhardtz.com\/atworkcollectionshop\/wp-json\/wp\/v2\/product"}],"about":[{"href":"https:\/\/upgrade-q.tedbernhardtz.com\/atworkcollectionshop\/wp-json\/wp\/v2\/types\/product"}],"wp:featuredmedia":[{"embeddable":true,"href":"https:\/\/upgrade-q.tedbernhardtz.com\/atworkcollectionshop\/wp-json\/wp\/v2\/media\/53757"}],"wp:attachment":[{"href":"https:\/\/upgrade-q.tedbernhardtz.com\/atworkcollectionshop\/wp-json\/wp\/v2\/media?parent=53268"}],"wp:term":[{"taxonomy":"product_cat","embeddable":true,"href":"https:\/\/upgrade-q.tedbernhardtz.com\/atworkcollectionshop\/wp-json\/wp\/v2\/product_cat?post=53268"},{"taxonomy":"product_tag","embeddable":true,"href":"https:\/\/upgrade-q.tedbernhardtz.com\/atworkcollectionshop\/wp-json\/wp\/v2\/product_tag?post=53268"}],"curies":[{"name":"wp","href":"https:\/\/api.w.org\/{rel}","templated":true}]}}