{"id":53250,"date":"2019-04-30T09:57:22","date_gmt":"2019-04-30T09:57:22","guid":{"rendered":"https:\/\/upgrade-q.tedbernhardtz.com\/atworkcollectionshop\/?post_type=product&#038;p=53250"},"modified":"2024-07-11T20:20:50","modified_gmt":"2024-07-11T20:20:50","slug":"hijab-2-delad-501006790","status":"publish","type":"product","link":"https:\/\/upgrade-q.tedbernhardtz.com\/atworkcollectionshop\/se\/produkt\/hijab-2-delad-501006790\/","title":{"rendered":"Hijab 2-delad"},"content":{"rendered":"<p>Tv\u00e5delad hijab i svart trik\u00e5 fr\u00e5n Ted Bernhardtz At Work. Hijaben har en klassisk look i en l\u00e4tt trik\u00e5 passande att ha p\u00e5 jobbet. Hijaben har ett elastiskt res\u00e5rband under hakan och baksidan av huvuddelen f\u00f6r b\u00e4sta passform.<\/p>","protected":false},"excerpt":{"rendered":"Tv\u00e5delad hijab i svart trik\u00e5 fr\u00e5n Ted Bernhardtz At Work. Hijaben har en klassisk look i en l\u00e4tt trik\u00e5 passande att ha p\u00e5 jobbet. Hijaben har ett elastiskt res\u00e5rband under hakan och baksidan av huvuddelen f\u00f6r b\u00e4sta passform.","protected":false},"featured_media":53291,"template":"","meta":[],"product_cat":[5801,5861,5863],"product_tag":[],"acf":[],"lang":"se","translations":{"se":53250,"en":48552},"pll_sync_post":[],"_links":{"self":[{"href":"https:\/\/upgrade-q.tedbernhardtz.com\/atworkcollectionshop\/wp-json\/wp\/v2\/product\/53250"}],"collection":[{"href":"https:\/\/upgrade-q.tedbernhardtz.com\/atworkcollectionshop\/wp-json\/wp\/v2\/product"}],"about":[{"href":"https:\/\/upgrade-q.tedbernhardtz.com\/atworkcollectionshop\/wp-json\/wp\/v2\/types\/product"}],"wp:featuredmedia":[{"embeddable":true,"href":"https:\/\/upgrade-q.tedbernhardtz.com\/atworkcollectionshop\/wp-json\/wp\/v2\/media\/53291"}],"wp:attachment":[{"href":"https:\/\/upgrade-q.tedbernhardtz.com\/atworkcollectionshop\/wp-json\/wp\/v2\/media?parent=53250"}],"wp:term":[{"taxonomy":"product_cat","embeddable":true,"href":"https:\/\/upgrade-q.tedbernhardtz.com\/atworkcollectionshop\/wp-json\/wp\/v2\/product_cat?post=53250"},{"taxonomy":"product_tag","embeddable":true,"href":"https:\/\/upgrade-q.tedbernhardtz.com\/atworkcollectionshop\/wp-json\/wp\/v2\/product_tag?post=53250"}],"curies":[{"name":"wp","href":"https:\/\/api.w.org\/{rel}","templated":true}]}}