{"id":53248,"date":"2019-04-30T09:57:07","date_gmt":"2019-04-30T09:57:07","guid":{"rendered":"https:\/\/upgrade-q.tedbernhardtz.com\/atworkcollectionshop\/?post_type=product&#038;p=53248"},"modified":"2024-07-11T20:20:54","modified_gmt":"2024-07-11T20:20:54","slug":"cardigan-dam-lisa-501006920","status":"publish","type":"product","link":"https:\/\/upgrade-q.tedbernhardtz.com\/atworkcollectionshop\/se\/produkt\/cardigan-dam-lisa-501006920\/","title":{"rendered":"Cardigan dam Lisa"},"content":{"rendered":"<p>Lisa \u00e4r en marinbl\u00e5 sl\u00e4tstickad cardigan med dragkedja fr\u00e5n Ted Bernhardtz At Work. V\u00e5r cardigan med dragkedja har en normal passform och \u00e4r stickad ett bomull\/akrylgarn. V\u00e5r cardigan \u00e4r fully fashion-stickad med dragkedja fram, har ribbad polokrage samt ribb i \u00e4rmslut och nederkant.<\/p>\r\n<p>F\u00f6r en komplett look b\u00e4r du denna cardigan tillsammans med workerchino Pia.<\/p>","protected":false},"excerpt":{"rendered":"Lisa \u00e4r en marinbl\u00e5 sl\u00e4tstickad cardigan med dragkedja fr\u00e5n Ted Bernhardtz At Work. V\u00e5r cardigan med dragkedja har en normal passform och \u00e4r stickad ett bomull\/akrylgarn. V\u00e5r cardigan \u00e4r fully fashion-stickad med dragkedja fram, har ribbad polokrage samt ribb i \u00e4rmslut och nederkant. F\u00f6r en komplett look b\u00e4r du denna cardigan tillsammans med workerchino Pia.","protected":false},"featured_media":66320,"template":"","meta":[],"product_cat":[30546,7076,6189,7081,6206],"product_tag":[],"acf":[],"lang":"se","translations":{"se":53248,"en":48574},"pll_sync_post":[],"_links":{"self":[{"href":"https:\/\/upgrade-q.tedbernhardtz.com\/atworkcollectionshop\/wp-json\/wp\/v2\/product\/53248"}],"collection":[{"href":"https:\/\/upgrade-q.tedbernhardtz.com\/atworkcollectionshop\/wp-json\/wp\/v2\/product"}],"about":[{"href":"https:\/\/upgrade-q.tedbernhardtz.com\/atworkcollectionshop\/wp-json\/wp\/v2\/types\/product"}],"wp:featuredmedia":[{"embeddable":true,"href":"https:\/\/upgrade-q.tedbernhardtz.com\/atworkcollectionshop\/wp-json\/wp\/v2\/media\/66320"}],"wp:attachment":[{"href":"https:\/\/upgrade-q.tedbernhardtz.com\/atworkcollectionshop\/wp-json\/wp\/v2\/media?parent=53248"}],"wp:term":[{"taxonomy":"product_cat","embeddable":true,"href":"https:\/\/upgrade-q.tedbernhardtz.com\/atworkcollectionshop\/wp-json\/wp\/v2\/product_cat?post=53248"},{"taxonomy":"product_tag","embeddable":true,"href":"https:\/\/upgrade-q.tedbernhardtz.com\/atworkcollectionshop\/wp-json\/wp\/v2\/product_tag?post=53248"}],"curies":[{"name":"wp","href":"https:\/\/api.w.org\/{rel}","templated":true}]}}