{"id":53222,"date":"2019-04-30T09:56:26","date_gmt":"2019-04-30T09:56:26","guid":{"rendered":"https:\/\/upgrade-q.tedbernhardtz.com\/atworkcollectionshop\/?post_type=product&#038;p=53222"},"modified":"2024-07-11T20:21:33","modified_gmt":"2024-07-11T20:21:33","slug":"worker-chinos-dam-pia-5010078","status":"publish","type":"product","link":"https:\/\/upgrade-q.tedbernhardtz.com\/atworkcollectionshop\/se\/produkt\/worker-chinos-dam-pia-5010078\/","title":{"rendered":"Worker chinos dam Pia, svart"},"content":{"rendered":"<p>Pia \u00e4r en workerchino i svart bomullsmix fr\u00e5n Ted Bernhardtz At Work. Chinon har en smal, bekv\u00e4m passform och modern look i en funktionell twill i bomullsmix, perfekt f\u00f6r inomhusbruk. Byxan har en metallknapp och tv\u00e5 sidofickor framtill samt dubbelpasspoalerade fickor bak.<\/p>\r\n<p>B\u00e4r byxan med pik\u00e9tr\u00f6jan Denise f\u00f6r en komplett look.<\/p>","protected":false},"excerpt":{"rendered":"Pia \u00e4r en workerchino i svart bomullsmix fr\u00e5n Ted Bernhardtz At Work. Chinon har en smal, bekv\u00e4m passform och modern look i en funktionell twill i bomullsmix, perfekt f\u00f6r inomhusbruk. Byxan har en metallknapp och tv\u00e5 sidofickor framtill samt dubbelpasspoalerade fickor bak. B\u00e4r byxan med pik\u00e9tr\u00f6jan Denise f\u00f6r en komplett look.","protected":false},"featured_media":53910,"template":"","meta":[],"product_cat":[30546,7076,3870,6678,6680],"product_tag":[],"acf":[],"lang":"se","translations":{"se":53222,"en":48724},"pll_sync_post":[],"_links":{"self":[{"href":"https:\/\/upgrade-q.tedbernhardtz.com\/atworkcollectionshop\/wp-json\/wp\/v2\/product\/53222"}],"collection":[{"href":"https:\/\/upgrade-q.tedbernhardtz.com\/atworkcollectionshop\/wp-json\/wp\/v2\/product"}],"about":[{"href":"https:\/\/upgrade-q.tedbernhardtz.com\/atworkcollectionshop\/wp-json\/wp\/v2\/types\/product"}],"wp:featuredmedia":[{"embeddable":true,"href":"https:\/\/upgrade-q.tedbernhardtz.com\/atworkcollectionshop\/wp-json\/wp\/v2\/media\/53910"}],"wp:attachment":[{"href":"https:\/\/upgrade-q.tedbernhardtz.com\/atworkcollectionshop\/wp-json\/wp\/v2\/media?parent=53222"}],"wp:term":[{"taxonomy":"product_cat","embeddable":true,"href":"https:\/\/upgrade-q.tedbernhardtz.com\/atworkcollectionshop\/wp-json\/wp\/v2\/product_cat?post=53222"},{"taxonomy":"product_tag","embeddable":true,"href":"https:\/\/upgrade-q.tedbernhardtz.com\/atworkcollectionshop\/wp-json\/wp\/v2\/product_tag?post=53222"}],"curies":[{"name":"wp","href":"https:\/\/api.w.org\/{rel}","templated":true}]}}