{"id":53217,"date":"2019-04-30T09:56:19","date_gmt":"2019-04-30T09:56:19","guid":{"rendered":"https:\/\/upgrade-q.tedbernhardtz.com\/atworkcollectionshop\/?post_type=product&#038;p=53217"},"modified":"2024-07-11T20:22:43","modified_gmt":"2024-07-11T20:22:43","slug":"understallstroja-idre-501030000","status":"publish","type":"product","link":"https:\/\/upgrade-q.tedbernhardtz.com\/atworkcollectionshop\/se\/produkt\/understallstroja-idre-501030000\/","title":{"rendered":"Underst\u00e4llstr\u00f6ja Idre"},"content":{"rendered":"<p>Idre \u00e4r en vit underst\u00e4llstr\u00f6ja med l\u00e5nga \u00e4rmar fr\u00e5n Terd Bernhardtz At Work. Underst\u00e4llstr\u00f6jan \u00e4r ribbstickad och har unisexpassform. Underst\u00e4llstr\u00f6jan har raglan\u00e4rm och sl\u00e4ta flatlocks\u00f6mmar f\u00f6r b\u00e4sta komfort.<\/p>","protected":false},"excerpt":{"rendered":"Idre \u00e4r en vit underst\u00e4llstr\u00f6ja med l\u00e5nga \u00e4rmar fr\u00e5n Terd Bernhardtz At Work. Underst\u00e4llstr\u00f6jan \u00e4r ribbstickad och har unisexpassform. Underst\u00e4llstr\u00f6jan har raglan\u00e4rm och sl\u00e4ta flatlocks\u00f6mmar f\u00f6r b\u00e4sta komfort.","protected":false},"featured_media":53644,"template":"","meta":[],"product_cat":[30546,5801,5861,6154],"product_tag":[],"acf":[],"lang":"se","translations":{"se":53217,"en":48773},"pll_sync_post":[],"_links":{"self":[{"href":"https:\/\/upgrade-q.tedbernhardtz.com\/atworkcollectionshop\/wp-json\/wp\/v2\/product\/53217"}],"collection":[{"href":"https:\/\/upgrade-q.tedbernhardtz.com\/atworkcollectionshop\/wp-json\/wp\/v2\/product"}],"about":[{"href":"https:\/\/upgrade-q.tedbernhardtz.com\/atworkcollectionshop\/wp-json\/wp\/v2\/types\/product"}],"wp:featuredmedia":[{"embeddable":true,"href":"https:\/\/upgrade-q.tedbernhardtz.com\/atworkcollectionshop\/wp-json\/wp\/v2\/media\/53644"}],"wp:attachment":[{"href":"https:\/\/upgrade-q.tedbernhardtz.com\/atworkcollectionshop\/wp-json\/wp\/v2\/media?parent=53217"}],"wp:term":[{"taxonomy":"product_cat","embeddable":true,"href":"https:\/\/upgrade-q.tedbernhardtz.com\/atworkcollectionshop\/wp-json\/wp\/v2\/product_cat?post=53217"},{"taxonomy":"product_tag","embeddable":true,"href":"https:\/\/upgrade-q.tedbernhardtz.com\/atworkcollectionshop\/wp-json\/wp\/v2\/product_tag?post=53217"}],"curies":[{"name":"wp","href":"https:\/\/api.w.org\/{rel}","templated":true}]}}