{"id":53214,"date":"2019-04-30T09:56:12","date_gmt":"2019-04-30T09:56:12","guid":{"rendered":"https:\/\/upgrade-q.tedbernhardtz.com\/atworkcollectionshop\/?post_type=product&#038;p=53214"},"modified":"2024-07-11T20:22:45","modified_gmt":"2024-07-11T20:22:45","slug":"langkalsong-trysil-501030190","status":"publish","type":"product","link":"https:\/\/upgrade-q.tedbernhardtz.com\/atworkcollectionshop\/se\/produkt\/langkalsong-trysil-501030190\/","title":{"rendered":"L\u00e5ngkalsong Trysil"},"content":{"rendered":"<p>Trysil \u00e4r ett par svarta underst\u00e4llsbyxor fr\u00e5n Ted Bernhardtz At Work. Underst\u00e4llsbyxan \u00e4r ribbstickad och har en unisexpassform. Underst\u00e4llsbyxan har elastisk midja och sl\u00e4ta flatlocks\u00f6mmar f\u00f6r b\u00e4sta komfort.<\/p>","protected":false},"excerpt":{"rendered":"Trysil \u00e4r ett par svarta underst\u00e4llsbyxor fr\u00e5n Ted Bernhardtz At Work. Underst\u00e4llsbyxan \u00e4r ribbstickad och har en unisexpassform. Underst\u00e4llsbyxan har elastisk midja och sl\u00e4ta flatlocks\u00f6mmar f\u00f6r b\u00e4sta komfort.","protected":false},"featured_media":53586,"template":"","meta":[],"product_cat":[30546,5801,5861,6154],"product_tag":[],"acf":[],"lang":"se","translations":{"se":53214,"en":48785},"pll_sync_post":[],"_links":{"self":[{"href":"https:\/\/upgrade-q.tedbernhardtz.com\/atworkcollectionshop\/wp-json\/wp\/v2\/product\/53214"}],"collection":[{"href":"https:\/\/upgrade-q.tedbernhardtz.com\/atworkcollectionshop\/wp-json\/wp\/v2\/product"}],"about":[{"href":"https:\/\/upgrade-q.tedbernhardtz.com\/atworkcollectionshop\/wp-json\/wp\/v2\/types\/product"}],"wp:featuredmedia":[{"embeddable":true,"href":"https:\/\/upgrade-q.tedbernhardtz.com\/atworkcollectionshop\/wp-json\/wp\/v2\/media\/53586"}],"wp:attachment":[{"href":"https:\/\/upgrade-q.tedbernhardtz.com\/atworkcollectionshop\/wp-json\/wp\/v2\/media?parent=53214"}],"wp:term":[{"taxonomy":"product_cat","embeddable":true,"href":"https:\/\/upgrade-q.tedbernhardtz.com\/atworkcollectionshop\/wp-json\/wp\/v2\/product_cat?post=53214"},{"taxonomy":"product_tag","embeddable":true,"href":"https:\/\/upgrade-q.tedbernhardtz.com\/atworkcollectionshop\/wp-json\/wp\/v2\/product_tag?post=53214"}],"curies":[{"name":"wp","href":"https:\/\/api.w.org\/{rel}","templated":true}]}}