{"id":53204,"date":"2021-09-03T13:23:48","date_gmt":"2021-09-03T13:23:48","guid":{"rendered":"https:\/\/upgrade-q.tedbernhardtz.com\/atworkcollectionshop\/?post_type=product&#038;p=53204"},"modified":"2024-07-11T20:22:46","modified_gmt":"2024-07-11T20:22:46","slug":"balte-canvas-501036290","status":"publish","type":"product","link":"https:\/\/upgrade-q.tedbernhardtz.com\/atworkcollectionshop\/se\/produkt\/balte-canvas-501036290\/","title":{"rendered":"B\u00e4lte canvas"},"content":{"rendered":"<p>Kanvasb\u00e4lte i svart 100% bomull. B\u00e4ltet \u00e4r i en tjock slitstark v\u00e4vd kvalit\u00e9 med ett platt glidsp\u00e4nne i borstad metall f\u00f6r stegl\u00f6s reglering av l\u00e4ngd. Sp\u00e4nnet kan tas bort och f\u00f6r kortning av b\u00e4ltesl\u00e4ngden.<\/p>\r\n<p>B\u00e4r b\u00e4ltet i n\u00e5gra av Ted Bernhardtz At Works servicebyxor.<\/p>","protected":false},"excerpt":{"rendered":"Kanvasb\u00e4lte i svart 100% bomull. B\u00e4ltet \u00e4r i en tjock slitstark v\u00e4vd kvalit\u00e9 med ett platt glidsp\u00e4nne i borstad metall f\u00f6r stegl\u00f6s reglering av l\u00e4ngd. Sp\u00e4nnet kan tas bort och f\u00f6r kortning av b\u00e4ltesl\u00e4ngden. B\u00e4r b\u00e4ltet i n\u00e5gra av Ted Bernhardtz At Works servicebyxor.","protected":false},"featured_media":67426,"template":"","meta":[],"product_cat":[30546,5801,5804,5808],"product_tag":[],"acf":[],"lang":"se","translations":{"se":53204,"en":48797},"pll_sync_post":[],"_links":{"self":[{"href":"https:\/\/upgrade-q.tedbernhardtz.com\/atworkcollectionshop\/wp-json\/wp\/v2\/product\/53204"}],"collection":[{"href":"https:\/\/upgrade-q.tedbernhardtz.com\/atworkcollectionshop\/wp-json\/wp\/v2\/product"}],"about":[{"href":"https:\/\/upgrade-q.tedbernhardtz.com\/atworkcollectionshop\/wp-json\/wp\/v2\/types\/product"}],"wp:featuredmedia":[{"embeddable":true,"href":"https:\/\/upgrade-q.tedbernhardtz.com\/atworkcollectionshop\/wp-json\/wp\/v2\/media\/67426"}],"wp:attachment":[{"href":"https:\/\/upgrade-q.tedbernhardtz.com\/atworkcollectionshop\/wp-json\/wp\/v2\/media?parent=53204"}],"wp:term":[{"taxonomy":"product_cat","embeddable":true,"href":"https:\/\/upgrade-q.tedbernhardtz.com\/atworkcollectionshop\/wp-json\/wp\/v2\/product_cat?post=53204"},{"taxonomy":"product_tag","embeddable":true,"href":"https:\/\/upgrade-q.tedbernhardtz.com\/atworkcollectionshop\/wp-json\/wp\/v2\/product_tag?post=53204"}],"curies":[{"name":"wp","href":"https:\/\/api.w.org\/{rel}","templated":true}]}}