{"id":52385,"date":"2019-04-30T09:48:51","date_gmt":"2019-04-30T09:48:51","guid":{"rendered":"https:\/\/upgrade-q.tedbernhardtz.com\/atworkcollectionshop\/?post_type=product&#038;p=52385"},"modified":"2024-07-11T20:23:35","modified_gmt":"2024-07-11T20:23:35","slug":"kavaj-dam-estelle-501100720","status":"publish","type":"product","link":"https:\/\/upgrade-q.tedbernhardtz.com\/atworkcollectionshop\/se\/produkt\/kavaj-dam-estelle-501100720\/","title":{"rendered":"Kavaj dam Estelle"},"content":{"rendered":"<p>Estelle \u00e4r en slim fit kavaj i marinbl\u00e5 ullmix Comfort med stretch som kan maskintv\u00e4ttas, fr\u00e5n Ted Bernhardtz At Work. Kavajen har en smal passform och klassisk look med twillstruktur i tyget. Kavajen \u00e4r enkelkn\u00e4ppt med tv\u00e5 knappar framtill, slits mitt bak och har tv\u00e5 fickor med lock samt en br\u00f6stficka framtill. Kavajen \u00e4r helfodrad och har en arbetad insida med tv\u00e5 innerfickor.<\/p>\r\n<p>Matcha g\u00e4rna med byxan Klara slim fit Comfort om du \u00f6nskar en hel kostym.<\/p>","protected":false},"excerpt":{"rendered":"Estelle \u00e4r en slim fit kavaj i marinbl\u00e5 ullmix Comfort med stretch som kan maskintv\u00e4ttas, fr\u00e5n Ted Bernhardtz At Work. Kavajen har en smal passform och klassisk look med twillstruktur i tyget. Kavajen \u00e4r enkelkn\u00e4ppt med tv\u00e5 knappar framtill, slits mitt bak och har tv\u00e5 fickor med lock samt en br\u00f6stficka framtill. Kavajen \u00e4r helfodrad&#8230;","protected":false},"featured_media":66394,"template":"","meta":[],"product_cat":[3769,5012,3636,4203,3922],"product_tag":[],"acf":[],"lang":"se","translations":{"se":52385,"en":49224},"pll_sync_post":[],"_links":{"self":[{"href":"https:\/\/upgrade-q.tedbernhardtz.com\/atworkcollectionshop\/wp-json\/wp\/v2\/product\/52385"}],"collection":[{"href":"https:\/\/upgrade-q.tedbernhardtz.com\/atworkcollectionshop\/wp-json\/wp\/v2\/product"}],"about":[{"href":"https:\/\/upgrade-q.tedbernhardtz.com\/atworkcollectionshop\/wp-json\/wp\/v2\/types\/product"}],"wp:featuredmedia":[{"embeddable":true,"href":"https:\/\/upgrade-q.tedbernhardtz.com\/atworkcollectionshop\/wp-json\/wp\/v2\/media\/66394"}],"wp:attachment":[{"href":"https:\/\/upgrade-q.tedbernhardtz.com\/atworkcollectionshop\/wp-json\/wp\/v2\/media?parent=52385"}],"wp:term":[{"taxonomy":"product_cat","embeddable":true,"href":"https:\/\/upgrade-q.tedbernhardtz.com\/atworkcollectionshop\/wp-json\/wp\/v2\/product_cat?post=52385"},{"taxonomy":"product_tag","embeddable":true,"href":"https:\/\/upgrade-q.tedbernhardtz.com\/atworkcollectionshop\/wp-json\/wp\/v2\/product_tag?post=52385"}],"curies":[{"name":"wp","href":"https:\/\/api.w.org\/{rel}","templated":true}]}}