{"id":52348,"date":"2019-04-30T09:48:10","date_gmt":"2019-04-30T09:48:10","guid":{"rendered":"https:\/\/upgrade-q.tedbernhardtz.com\/atworkcollectionshop\/?post_type=product&#038;p=52348"},"modified":"2024-07-11T20:23:57","modified_gmt":"2024-07-11T20:23:57","slug":"byxa-dam-petra-501101020","status":"publish","type":"product","link":"https:\/\/upgrade-q.tedbernhardtz.com\/atworkcollectionshop\/se\/produkt\/byxa-dam-petra-501101020\/","title":{"rendered":"Byxa dam Petra"},"content":{"rendered":"<p>Petra \u00e4r en regular fit byxa i marinbl\u00e5 ullmix Comfort med stretch som kan maskintv\u00e4ttas, fr\u00e5n Ted Bernhardtz At Work. Byxan har en normal passform och klassisk look med twillstruktur i tyget. Byxan har tv\u00e5 sidofickor fram, tv\u00e5 passpoalfickor bak och kn\u00e4foder framtill. Byxans linning \u00e4r delad mitt bak f\u00f6r att underl\u00e4tta justering av midjan.<\/p>\r\n<p>Matcha med kavaj Nicole regular fit Comfort om du \u00f6nskar en komplett kostym.<\/p>","protected":false},"excerpt":{"rendered":"Petra \u00e4r en regular fit byxa i marinbl\u00e5 ullmix Comfort med stretch som kan maskintv\u00e4ttas, fr\u00e5n Ted Bernhardtz At Work. Byxan har en normal passform och klassisk look med twillstruktur i tyget. Byxan har tv\u00e5 sidofickor fram, tv\u00e5 passpoalfickor bak och kn\u00e4foder framtill. Byxans linning \u00e4r delad mitt bak f\u00f6r att underl\u00e4tta justering av midjan&#8230;.","protected":false},"featured_media":66422,"template":"","meta":[],"product_cat":[3769,3870,3896,3912],"product_tag":[],"acf":[],"lang":"se","translations":{"se":52348,"en":49383},"pll_sync_post":[],"_links":{"self":[{"href":"https:\/\/upgrade-q.tedbernhardtz.com\/atworkcollectionshop\/wp-json\/wp\/v2\/product\/52348"}],"collection":[{"href":"https:\/\/upgrade-q.tedbernhardtz.com\/atworkcollectionshop\/wp-json\/wp\/v2\/product"}],"about":[{"href":"https:\/\/upgrade-q.tedbernhardtz.com\/atworkcollectionshop\/wp-json\/wp\/v2\/types\/product"}],"wp:featuredmedia":[{"embeddable":true,"href":"https:\/\/upgrade-q.tedbernhardtz.com\/atworkcollectionshop\/wp-json\/wp\/v2\/media\/66422"}],"wp:attachment":[{"href":"https:\/\/upgrade-q.tedbernhardtz.com\/atworkcollectionshop\/wp-json\/wp\/v2\/media?parent=52348"}],"wp:term":[{"taxonomy":"product_cat","embeddable":true,"href":"https:\/\/upgrade-q.tedbernhardtz.com\/atworkcollectionshop\/wp-json\/wp\/v2\/product_cat?post=52348"},{"taxonomy":"product_tag","embeddable":true,"href":"https:\/\/upgrade-q.tedbernhardtz.com\/atworkcollectionshop\/wp-json\/wp\/v2\/product_tag?post=52348"}],"curies":[{"name":"wp","href":"https:\/\/api.w.org\/{rel}","templated":true}]}}