{"id":52328,"date":"2019-04-30T09:45:45","date_gmt":"2019-04-30T09:45:45","guid":{"rendered":"https:\/\/upgrade-q.tedbernhardtz.com\/atworkcollectionshop\/?post_type=product&#038;p=52328"},"modified":"2024-07-11T20:24:24","modified_gmt":"2024-07-11T20:24:24","slug":"vast-dam-edit-501101389","status":"publish","type":"product","link":"https:\/\/upgrade-q.tedbernhardtz.com\/atworkcollectionshop\/se\/produkt\/vast-dam-edit-501101389\/","title":{"rendered":"V\u00e4st dam Edit"},"content":{"rendered":"<p>Edit \u00e4r en slim fit v\u00e4st i m\u00f6rkgr\u00e5 ullmix Comfort med stretch som kan maskintv\u00e4ttas, fr\u00e5n Ted Bernhardtz At Work. V\u00e4sten har en smal passform och klassisk look med twillstruktur i tyget. V\u00e4sten \u00e4r enkelkn\u00e4ppt med fem knappar framtill, har rygg i yttertyg med justerbart sp\u00e4nne, sidoslits och tv\u00e5 passpoalfickor samt br\u00f6stficka framtill. V\u00e4sten har en helfodrad insida och tv\u00e5 innefickor.<\/p>","protected":false},"excerpt":{"rendered":"Edit \u00e4r en slim fit v\u00e4st i m\u00f6rkgr\u00e5 ullmix Comfort med stretch som kan maskintv\u00e4ttas, fr\u00e5n Ted Bernhardtz At Work. V\u00e4sten har en smal passform och klassisk look med twillstruktur i tyget. V\u00e4sten \u00e4r enkelkn\u00e4ppt med fem knappar framtill, har rygg i yttertyg med justerbart sp\u00e4nne, sidoslits och tv\u00e5 passpoalfickor samt br\u00f6stficka framtill. V\u00e4sten har&#8230;","protected":false},"featured_media":66464,"template":"","meta":[],"product_cat":[3769,5012,4100,4119],"product_tag":[],"acf":[],"lang":"se","translations":{"se":52328,"en":49602},"pll_sync_post":[],"_links":{"self":[{"href":"https:\/\/upgrade-q.tedbernhardtz.com\/atworkcollectionshop\/wp-json\/wp\/v2\/product\/52328"}],"collection":[{"href":"https:\/\/upgrade-q.tedbernhardtz.com\/atworkcollectionshop\/wp-json\/wp\/v2\/product"}],"about":[{"href":"https:\/\/upgrade-q.tedbernhardtz.com\/atworkcollectionshop\/wp-json\/wp\/v2\/types\/product"}],"wp:featuredmedia":[{"embeddable":true,"href":"https:\/\/upgrade-q.tedbernhardtz.com\/atworkcollectionshop\/wp-json\/wp\/v2\/media\/66464"}],"wp:attachment":[{"href":"https:\/\/upgrade-q.tedbernhardtz.com\/atworkcollectionshop\/wp-json\/wp\/v2\/media?parent=52328"}],"wp:term":[{"taxonomy":"product_cat","embeddable":true,"href":"https:\/\/upgrade-q.tedbernhardtz.com\/atworkcollectionshop\/wp-json\/wp\/v2\/product_cat?post=52328"},{"taxonomy":"product_tag","embeddable":true,"href":"https:\/\/upgrade-q.tedbernhardtz.com\/atworkcollectionshop\/wp-json\/wp\/v2\/product_tag?post=52328"}],"curies":[{"name":"wp","href":"https:\/\/api.w.org\/{rel}","templated":true}]}}