{"id":52318,"date":"2019-04-30T09:45:31","date_gmt":"2019-04-30T09:45:31","guid":{"rendered":"https:\/\/upgrade-q.tedbernhardtz.com\/atworkcollectionshop\/?post_type=product&#038;p=52318"},"modified":"2024-07-11T20:24:31","modified_gmt":"2024-07-11T20:24:31","slug":"vast-dam-paula-501101489","status":"publish","type":"product","link":"https:\/\/upgrade-q.tedbernhardtz.com\/atworkcollectionshop\/se\/produkt\/vast-dam-paula-501101489\/","title":{"rendered":"V\u00e4st dam Paula"},"content":{"rendered":"<p>Paula \u00e4r en regular fit v\u00e4st i m\u00f6rkgr\u00e5 ullmix Comfort med stretch som kan maskintv\u00e4ttas, fr\u00e5n Ted Bernhardtz At Work. V\u00e4sten har en normal passform och klassisk look med twillstruktur i tyget. V\u00e4sten \u00e4r enkelkn\u00e4ppt med fem knappar framtill, har en reglerbar rygg i yttertyg, sidoslits och tv\u00e5 passpoalfickor framtill samt en br\u00f6stficka. V\u00e4sten \u00e4r fodrad framtill med tv\u00e5 innefickor men ofodrad baktill.<\/p>","protected":false},"excerpt":{"rendered":"Paula \u00e4r en regular fit v\u00e4st i m\u00f6rkgr\u00e5 ullmix Comfort med stretch som kan maskintv\u00e4ttas, fr\u00e5n Ted Bernhardtz At Work. V\u00e4sten har en normal passform och klassisk look med twillstruktur i tyget. V\u00e4sten \u00e4r enkelkn\u00e4ppt med fem knappar framtill, har en reglerbar rygg i yttertyg, sidoslits och tv\u00e5 passpoalfickor framtill samt en br\u00f6stficka. V\u00e4sten \u00e4r&#8230;","protected":false},"featured_media":53138,"template":"","meta":[],"product_cat":[3769,5012,4100,4119],"product_tag":[],"acf":[],"lang":"se","translations":{"se":52318,"en":49666},"pll_sync_post":[],"_links":{"self":[{"href":"https:\/\/upgrade-q.tedbernhardtz.com\/atworkcollectionshop\/wp-json\/wp\/v2\/product\/52318"}],"collection":[{"href":"https:\/\/upgrade-q.tedbernhardtz.com\/atworkcollectionshop\/wp-json\/wp\/v2\/product"}],"about":[{"href":"https:\/\/upgrade-q.tedbernhardtz.com\/atworkcollectionshop\/wp-json\/wp\/v2\/types\/product"}],"wp:featuredmedia":[{"embeddable":true,"href":"https:\/\/upgrade-q.tedbernhardtz.com\/atworkcollectionshop\/wp-json\/wp\/v2\/media\/53138"}],"wp:attachment":[{"href":"https:\/\/upgrade-q.tedbernhardtz.com\/atworkcollectionshop\/wp-json\/wp\/v2\/media?parent=52318"}],"wp:term":[{"taxonomy":"product_cat","embeddable":true,"href":"https:\/\/upgrade-q.tedbernhardtz.com\/atworkcollectionshop\/wp-json\/wp\/v2\/product_cat?post=52318"},{"taxonomy":"product_tag","embeddable":true,"href":"https:\/\/upgrade-q.tedbernhardtz.com\/atworkcollectionshop\/wp-json\/wp\/v2\/product_tag?post=52318"}],"curies":[{"name":"wp","href":"https:\/\/api.w.org\/{rel}","templated":true}]}}