{"id":52294,"date":"2019-04-30T09:45:17","date_gmt":"2019-04-30T09:45:17","guid":{"rendered":"https:\/\/upgrade-q.tedbernhardtz.com\/atworkcollectionshop\/?post_type=product&#038;p=52294"},"modified":"2024-07-11T20:24:35","modified_gmt":"2024-07-11T20:24:35","slug":"klanning-amelia-501101589","status":"publish","type":"product","link":"https:\/\/upgrade-q.tedbernhardtz.com\/atworkcollectionshop\/se\/produkt\/klanning-amelia-501101589\/","title":{"rendered":"Kl\u00e4nning Amelia"},"content":{"rendered":"<p>Amelia \u00e4r en regular fit kl\u00e4nning i m\u00f6rkgr\u00e5 ullmix Comfort med stretch som kan maskintv\u00e4ttas, fr\u00e5n Ted Bernhardtz At Work. Kl\u00e4nningen har en normal passform och klassisk look med twillstruktur i tyget. Kl\u00e4nningen \u00e4r kort\u00e4rmad, har rund hals\u00f6ppning, formade sk\u00e4rningar fram och insnitt bak samt slits mitt bak. K\u00e4nningen \u00e4r helfodrad i kn\u00e4l\u00e4ngd och kn\u00e4pps med en dold dragkedja med hyska och hake mitt bak.<\/p>","protected":false},"excerpt":{"rendered":"Amelia \u00e4r en regular fit kl\u00e4nning i m\u00f6rkgr\u00e5 ullmix Comfort med stretch som kan maskintv\u00e4ttas, fr\u00e5n Ted Bernhardtz At Work. Kl\u00e4nningen har en normal passform och klassisk look med twillstruktur i tyget. Kl\u00e4nningen \u00e4r kort\u00e4rmad, har rund hals\u00f6ppning, formade sk\u00e4rningar fram och insnitt bak samt slits mitt bak. K\u00e4nningen \u00e4r helfodrad i kn\u00e4l\u00e4ngd och kn\u00e4pps&#8230;","protected":false},"featured_media":56476,"template":"","meta":[],"product_cat":[3769,5012,5018,5032],"product_tag":[],"acf":[],"lang":"se","translations":{"se":52294,"en":49700},"pll_sync_post":[],"_links":{"self":[{"href":"https:\/\/upgrade-q.tedbernhardtz.com\/atworkcollectionshop\/wp-json\/wp\/v2\/product\/52294"}],"collection":[{"href":"https:\/\/upgrade-q.tedbernhardtz.com\/atworkcollectionshop\/wp-json\/wp\/v2\/product"}],"about":[{"href":"https:\/\/upgrade-q.tedbernhardtz.com\/atworkcollectionshop\/wp-json\/wp\/v2\/types\/product"}],"wp:featuredmedia":[{"embeddable":true,"href":"https:\/\/upgrade-q.tedbernhardtz.com\/atworkcollectionshop\/wp-json\/wp\/v2\/media\/56476"}],"wp:attachment":[{"href":"https:\/\/upgrade-q.tedbernhardtz.com\/atworkcollectionshop\/wp-json\/wp\/v2\/media?parent=52294"}],"wp:term":[{"taxonomy":"product_cat","embeddable":true,"href":"https:\/\/upgrade-q.tedbernhardtz.com\/atworkcollectionshop\/wp-json\/wp\/v2\/product_cat?post=52294"},{"taxonomy":"product_tag","embeddable":true,"href":"https:\/\/upgrade-q.tedbernhardtz.com\/atworkcollectionshop\/wp-json\/wp\/v2\/product_tag?post=52294"}],"curies":[{"name":"wp","href":"https:\/\/api.w.org\/{rel}","templated":true}]}}