{"id":52275,"date":"2019-04-30T09:44:44","date_gmt":"2019-04-30T09:44:44","guid":{"rendered":"https:\/\/upgrade-q.tedbernhardtz.com\/atworkcollectionshop\/?post_type=product&#038;p=52275"},"modified":"2024-07-11T20:25:38","modified_gmt":"2024-07-11T20:25:38","slug":"kavaj-herr-marcel-501105120","status":"publish","type":"product","link":"https:\/\/upgrade-q.tedbernhardtz.com\/atworkcollectionshop\/se\/produkt\/kavaj-herr-marcel-501105120\/","title":{"rendered":"Kavaj herr Marcel"},"content":{"rendered":"<p>Marcel \u00e4r en regular fit kavaj i marinbl\u00e5 virgin ull Core med stretch fr\u00e5n Ted Bernhardtz At Work. Kavajen har en normal passform och klassisk look med fin twillstruktur i tyget. Kavajen \u00e4r enkelkn\u00e4ppt med tv\u00e5 knappar framtill, slits mitt bak, har tv\u00e5 fickor med lock, en br\u00f6stficka framtill och prickstickningar p\u00e5 slag och kanter. Kavajen \u00e4r helfodrad med kontrastf\u00e4rgat \u00e4rmfoder i vitt med svart rand och har en arbetad insida med tre innerfickor samt pennficka.<\/p>\r\n<p>Matcha g\u00e4rna med byxan Marco regular fit Core f\u00f6r att f\u00e5 en hel kostym.<\/p>","protected":false},"excerpt":{"rendered":"Marcel \u00e4r en regular fit kavaj i marinbl\u00e5 virgin ull Core med stretch fr\u00e5n Ted Bernhardtz At Work. Kavajen har en normal passform och klassisk look med fin twillstruktur i tyget. Kavajen \u00e4r enkelkn\u00e4ppt med tv\u00e5 knappar framtill, slits mitt bak, har tv\u00e5 fickor med lock, en br\u00f6stficka framtill och prickstickningar p\u00e5 slag och kanter&#8230;.","protected":false},"featured_media":66477,"template":"","meta":[],"product_cat":[3769,3987,3636,4203,3922],"product_tag":[],"acf":[],"lang":"se","translations":{"se":52275,"en":49814},"pll_sync_post":[],"_links":{"self":[{"href":"https:\/\/upgrade-q.tedbernhardtz.com\/atworkcollectionshop\/wp-json\/wp\/v2\/product\/52275"}],"collection":[{"href":"https:\/\/upgrade-q.tedbernhardtz.com\/atworkcollectionshop\/wp-json\/wp\/v2\/product"}],"about":[{"href":"https:\/\/upgrade-q.tedbernhardtz.com\/atworkcollectionshop\/wp-json\/wp\/v2\/types\/product"}],"wp:featuredmedia":[{"embeddable":true,"href":"https:\/\/upgrade-q.tedbernhardtz.com\/atworkcollectionshop\/wp-json\/wp\/v2\/media\/66477"}],"wp:attachment":[{"href":"https:\/\/upgrade-q.tedbernhardtz.com\/atworkcollectionshop\/wp-json\/wp\/v2\/media?parent=52275"}],"wp:term":[{"taxonomy":"product_cat","embeddable":true,"href":"https:\/\/upgrade-q.tedbernhardtz.com\/atworkcollectionshop\/wp-json\/wp\/v2\/product_cat?post=52275"},{"taxonomy":"product_tag","embeddable":true,"href":"https:\/\/upgrade-q.tedbernhardtz.com\/atworkcollectionshop\/wp-json\/wp\/v2\/product_tag?post=52275"}],"curies":[{"name":"wp","href":"https:\/\/api.w.org\/{rel}","templated":true}]}}