{"id":52255,"date":"2019-04-30T09:44:20","date_gmt":"2019-04-30T09:44:20","guid":{"rendered":"https:\/\/upgrade-q.tedbernhardtz.com\/atworkcollectionshop\/?post_type=product&#038;p=52255"},"modified":"2024-07-11T20:25:46","modified_gmt":"2024-07-11T20:25:46","slug":"byxa-herr-alex-501105220","status":"publish","type":"product","link":"https:\/\/upgrade-q.tedbernhardtz.com\/atworkcollectionshop\/se\/produkt\/byxa-herr-alex-501105220\/","title":{"rendered":"Byxa herr Alex"},"content":{"rendered":"<p>Alex \u00e4r en slim fit byxa i marinbl\u00e5 virgin ull Core med stretch som kan maskintv\u00e4ttas, fr\u00e5n Ted Bernhardtz At Work. Byxan har en smal passform och klassisk look med tunn twillstruktur i tyget. Byxan har tv\u00e5 sidofickor fram, tv\u00e5 passpoalfickor bak och kn\u00e4foder framtill. Byxans linning \u00e4r delad mitt bak f\u00f6r att underl\u00e4tta justering av midjan.<\/p>\r\n<p>Matcha med kavaj Adam slim fit Core om du \u00f6nskar en komplett kostym.<\/p>","protected":false},"excerpt":{"rendered":"Alex \u00e4r en slim fit byxa i marinbl\u00e5 virgin ull Core med stretch som kan maskintv\u00e4ttas, fr\u00e5n Ted Bernhardtz At Work. Byxan har en smal passform och klassisk look med tunn twillstruktur i tyget. Byxan har tv\u00e5 sidofickor fram, tv\u00e5 passpoalfickor bak och kn\u00e4foder framtill. Byxans linning \u00e4r delad mitt bak f\u00f6r att underl\u00e4tta justering&#8230;","protected":false},"featured_media":53025,"template":"","meta":[],"product_cat":[3769,3987,3870,3896,3912],"product_tag":[],"acf":[],"lang":"se","translations":{"se":52255,"en":49886},"pll_sync_post":[],"_links":{"self":[{"href":"https:\/\/upgrade-q.tedbernhardtz.com\/atworkcollectionshop\/wp-json\/wp\/v2\/product\/52255"}],"collection":[{"href":"https:\/\/upgrade-q.tedbernhardtz.com\/atworkcollectionshop\/wp-json\/wp\/v2\/product"}],"about":[{"href":"https:\/\/upgrade-q.tedbernhardtz.com\/atworkcollectionshop\/wp-json\/wp\/v2\/types\/product"}],"wp:featuredmedia":[{"embeddable":true,"href":"https:\/\/upgrade-q.tedbernhardtz.com\/atworkcollectionshop\/wp-json\/wp\/v2\/media\/53025"}],"wp:attachment":[{"href":"https:\/\/upgrade-q.tedbernhardtz.com\/atworkcollectionshop\/wp-json\/wp\/v2\/media?parent=52255"}],"wp:term":[{"taxonomy":"product_cat","embeddable":true,"href":"https:\/\/upgrade-q.tedbernhardtz.com\/atworkcollectionshop\/wp-json\/wp\/v2\/product_cat?post=52255"},{"taxonomy":"product_tag","embeddable":true,"href":"https:\/\/upgrade-q.tedbernhardtz.com\/atworkcollectionshop\/wp-json\/wp\/v2\/product_tag?post=52255"}],"curies":[{"name":"wp","href":"https:\/\/api.w.org\/{rel}","templated":true}]}}