{"id":52207,"date":"2019-04-30T09:43:30","date_gmt":"2019-04-30T09:43:30","guid":{"rendered":"https:\/\/upgrade-q.tedbernhardtz.com\/atworkcollectionshop\/?post_type=product&#038;p=52207"},"modified":"2024-07-11T20:26:03","modified_gmt":"2024-07-11T20:26:03","slug":"vast-herr-edwin-501105478","status":"publish","type":"product","link":"https:\/\/upgrade-q.tedbernhardtz.com\/atworkcollectionshop\/se\/produkt\/vast-herr-edwin-501105478\/","title":{"rendered":"V\u00e4st herr Edwin"},"content":{"rendered":"<p>Edwin \u00e4r en slim fit kostymv\u00e4st i gr\u00e5 virgin ull Core med stretch som kan maskintv\u00e4ttas, fr\u00e5n Ted Bernhardtz At Work. V\u00e4sten har en smal passform och klassisk look i ett tyg med fin twillstruktur. V\u00e4sten \u00e4r enkelkn\u00e4ppt med fyra knappar framtill, har foderrygg justerbar med sp\u00e4nne, sidoslits och tv\u00e5 fickor framtill samt en br\u00f6stficka. V\u00e4sten har prickstickning p\u00e5 kanterna, \u00e4r helfodrad med tv\u00e5 innerfickor.<\/p>\r\n<p>V\u00e4sten kan b\u00e4ras f\u00f6r sig sj\u00e4lv eller under n\u00e5gon Ted Bernhardtz At Works kavajer.<\/p>","protected":false},"excerpt":{"rendered":"Edwin \u00e4r en slim fit kostymv\u00e4st i gr\u00e5 virgin ull Core med stretch som kan maskintv\u00e4ttas, fr\u00e5n Ted Bernhardtz At Work. V\u00e4sten har en smal passform och klassisk look i ett tyg med fin twillstruktur. V\u00e4sten \u00e4r enkelkn\u00e4ppt med fyra knappar framtill, har foderrygg justerbar med sp\u00e4nne, sidoslits och tv\u00e5 fickor framtill samt en br\u00f6stficka&#8230;.","protected":false},"featured_media":56482,"template":"","meta":[],"product_cat":[3769,3987,4100,4119],"product_tag":[],"acf":[],"lang":"se","translations":{"se":52207,"en":50035},"pll_sync_post":[],"_links":{"self":[{"href":"https:\/\/upgrade-q.tedbernhardtz.com\/atworkcollectionshop\/wp-json\/wp\/v2\/product\/52207"}],"collection":[{"href":"https:\/\/upgrade-q.tedbernhardtz.com\/atworkcollectionshop\/wp-json\/wp\/v2\/product"}],"about":[{"href":"https:\/\/upgrade-q.tedbernhardtz.com\/atworkcollectionshop\/wp-json\/wp\/v2\/types\/product"}],"wp:featuredmedia":[{"embeddable":true,"href":"https:\/\/upgrade-q.tedbernhardtz.com\/atworkcollectionshop\/wp-json\/wp\/v2\/media\/56482"}],"wp:attachment":[{"href":"https:\/\/upgrade-q.tedbernhardtz.com\/atworkcollectionshop\/wp-json\/wp\/v2\/media?parent=52207"}],"wp:term":[{"taxonomy":"product_cat","embeddable":true,"href":"https:\/\/upgrade-q.tedbernhardtz.com\/atworkcollectionshop\/wp-json\/wp\/v2\/product_cat?post=52207"},{"taxonomy":"product_tag","embeddable":true,"href":"https:\/\/upgrade-q.tedbernhardtz.com\/atworkcollectionshop\/wp-json\/wp\/v2\/product_tag?post=52207"}],"curies":[{"name":"wp","href":"https:\/\/api.w.org\/{rel}","templated":true}]}}