{"id":52190,"date":"2019-04-30T09:43:05","date_gmt":"2019-04-30T09:43:05","guid":{"rendered":"https:\/\/upgrade-q.tedbernhardtz.com\/atworkcollectionshop\/?post_type=product&#038;p=52190"},"modified":"2024-07-11T20:26:09","modified_gmt":"2024-07-11T20:26:09","slug":"kavaj-dam-estelle-501105578","status":"publish","type":"product","link":"https:\/\/upgrade-q.tedbernhardtz.com\/atworkcollectionshop\/se\/produkt\/kavaj-dam-estelle-501105578\/","title":{"rendered":"Kavaj dam Estelle"},"content":{"rendered":"<p>Estelle \u00e4r en slim fit kavaj i gr\u00e5 virgin ull Core med stretch fr\u00e5n Ted Bernhardtz At Work. Kavajen har en smal passform och klassisk look i ett tyg med fin twillstruktur. Kavajen \u00e4r enkelkn\u00e4ppt med tv\u00e5 knappar framtill, slits mitt bak, har tv\u00e5 fickor med lock, en br\u00f6stficka framtill och prickstickningar p\u00e5 slag och kanter. Kavajen \u00e4r helfodrad med kontrastf\u00e4rgat \u00e4rmfoder i vitt med svart rand och har en arbetad insida med tv\u00e5 innerfickor.<\/p>\r\n<p>Matcha g\u00e4rna med byxan Klara slim fit Core f\u00f6r att f\u00e5 en hel kostym.<\/p>","protected":false},"excerpt":{"rendered":"Estelle \u00e4r en slim fit kavaj i gr\u00e5 virgin ull Core med stretch fr\u00e5n Ted Bernhardtz At Work. Kavajen har en smal passform och klassisk look i ett tyg med fin twillstruktur. Kavajen \u00e4r enkelkn\u00e4ppt med tv\u00e5 knappar framtill, slits mitt bak, har tv\u00e5 fickor med lock, en br\u00f6stficka framtill och prickstickningar p\u00e5 slag och&#8230;","protected":false},"featured_media":52667,"template":"","meta":[],"product_cat":[3769,3987,3636,4203,3922],"product_tag":[],"acf":[],"lang":"se","translations":{"se":52190,"en":50084},"pll_sync_post":[],"_links":{"self":[{"href":"https:\/\/upgrade-q.tedbernhardtz.com\/atworkcollectionshop\/wp-json\/wp\/v2\/product\/52190"}],"collection":[{"href":"https:\/\/upgrade-q.tedbernhardtz.com\/atworkcollectionshop\/wp-json\/wp\/v2\/product"}],"about":[{"href":"https:\/\/upgrade-q.tedbernhardtz.com\/atworkcollectionshop\/wp-json\/wp\/v2\/types\/product"}],"wp:featuredmedia":[{"embeddable":true,"href":"https:\/\/upgrade-q.tedbernhardtz.com\/atworkcollectionshop\/wp-json\/wp\/v2\/media\/52667"}],"wp:attachment":[{"href":"https:\/\/upgrade-q.tedbernhardtz.com\/atworkcollectionshop\/wp-json\/wp\/v2\/media?parent=52190"}],"wp:term":[{"taxonomy":"product_cat","embeddable":true,"href":"https:\/\/upgrade-q.tedbernhardtz.com\/atworkcollectionshop\/wp-json\/wp\/v2\/product_cat?post=52190"},{"taxonomy":"product_tag","embeddable":true,"href":"https:\/\/upgrade-q.tedbernhardtz.com\/atworkcollectionshop\/wp-json\/wp\/v2\/product_tag?post=52190"}],"curies":[{"name":"wp","href":"https:\/\/api.w.org\/{rel}","templated":true}]}}