{"id":51748,"date":"2019-04-30T09:32:01","date_gmt":"2019-04-30T09:32:01","guid":{"rendered":"https:\/\/upgrade-q.tedbernhardtz.com\/atworkcollectionshop\/?post_type=product&#038;p=51748"},"modified":"2024-07-11T20:26:45","modified_gmt":"2024-07-11T20:26:45","slug":"byxa-herr-alex-501110178","status":"publish","type":"product","link":"https:\/\/upgrade-q.tedbernhardtz.com\/atworkcollectionshop\/se\/produkt\/byxa-herr-alex-501110178\/","title":{"rendered":"Byxa herr Alex- KAMPANJ"},"content":{"rendered":"<p>Alex \u00e4r en slim fit byxa i gr\u00e5 100% virgin ull Supreme fr\u00e5n Ted Bernhardtz At Work. Byxan har en smal passform och klassisk look i melange med svarta inslag i v\u00e4ven. Byxan har tv\u00e5 sidofickor fram, tv\u00e5 passpoalfickor bak och kn\u00e4foder framtill. Byxans linning \u00e4r delad mitt bak f\u00f6r att underl\u00e4tta justering av midjan.<\/p>\r\n<p>Matcha med kavaj Adam slim fit Supreme om du \u00f6nskar en komplett kostym.<\/p>","protected":false},"excerpt":{"rendered":"Alex \u00e4r en slim fit byxa i gr\u00e5 100% virgin ull Supreme fr\u00e5n Ted Bernhardtz At Work. Byxan har en smal passform och klassisk look i melange med svarta inslag i v\u00e4ven. Byxan har tv\u00e5 sidofickor fram, tv\u00e5 passpoalfickor bak och kn\u00e4foder framtill. Byxans linning \u00e4r delad mitt bak f\u00f6r att underl\u00e4tta justering av midjan&#8230;.","protected":false},"featured_media":52151,"template":"","meta":[],"product_cat":[3769,3871,3870,3896,3912],"product_tag":[],"acf":[],"lang":"se","translations":{"se":51748,"en":50467},"pll_sync_post":[],"_links":{"self":[{"href":"https:\/\/upgrade-q.tedbernhardtz.com\/atworkcollectionshop\/wp-json\/wp\/v2\/product\/51748"}],"collection":[{"href":"https:\/\/upgrade-q.tedbernhardtz.com\/atworkcollectionshop\/wp-json\/wp\/v2\/product"}],"about":[{"href":"https:\/\/upgrade-q.tedbernhardtz.com\/atworkcollectionshop\/wp-json\/wp\/v2\/types\/product"}],"wp:featuredmedia":[{"embeddable":true,"href":"https:\/\/upgrade-q.tedbernhardtz.com\/atworkcollectionshop\/wp-json\/wp\/v2\/media\/52151"}],"wp:attachment":[{"href":"https:\/\/upgrade-q.tedbernhardtz.com\/atworkcollectionshop\/wp-json\/wp\/v2\/media?parent=51748"}],"wp:term":[{"taxonomy":"product_cat","embeddable":true,"href":"https:\/\/upgrade-q.tedbernhardtz.com\/atworkcollectionshop\/wp-json\/wp\/v2\/product_cat?post=51748"},{"taxonomy":"product_tag","embeddable":true,"href":"https:\/\/upgrade-q.tedbernhardtz.com\/atworkcollectionshop\/wp-json\/wp\/v2\/product_tag?post=51748"}],"curies":[{"name":"wp","href":"https:\/\/api.w.org\/{rel}","templated":true}]}}