{"id":51743,"date":"2019-04-30T09:31:52","date_gmt":"2019-04-30T09:31:52","guid":{"rendered":"https:\/\/upgrade-q.tedbernhardtz.com\/atworkcollectionshop\/?post_type=product&#038;p=51743"},"modified":"2024-07-11T20:26:47","modified_gmt":"2024-07-11T20:26:47","slug":"kavaj-dam-estelle-501110220","status":"publish","type":"product","link":"https:\/\/upgrade-q.tedbernhardtz.com\/atworkcollectionshop\/se\/produkt\/kavaj-dam-estelle-501110220\/","title":{"rendered":"Kavaj dam Estelle- KAMPANJ"},"content":{"rendered":"<p>Estelle \u00e4r en slim fit kavaj i marinbl\u00e5 100% virgin ull Supreme fr\u00e5n Ted Bernhardtz At Work. Kavajen har en smal passform och en klassisk elegant look i melange med svarta inslag i v\u00e4ven. Kavajen \u00e4r enkelkn\u00e4ppt med tv\u00e5 knappar framtill, slits mitt bak och har tv\u00e5 fickor med lock samt en br\u00f6stficka framtill. Kavajen \u00e4r helfodrad med kontrastf\u00e4rgat \u00e4rmfoder i vitt med svart rand och har en arbetad insida med tv\u00e5 innerfickor.<\/p>\r\n<p>Matcha g\u00e4rna med byxan Klara slim fit Supreme om du \u00f6nskar en hel kostym.<\/p>","protected":false},"excerpt":{"rendered":"Estelle \u00e4r en slim fit kavaj i marinbl\u00e5 100% virgin ull Supreme fr\u00e5n Ted Bernhardtz At Work. Kavajen har en smal passform och en klassisk elegant look i melange med svarta inslag i v\u00e4ven. Kavajen \u00e4r enkelkn\u00e4ppt med tv\u00e5 knappar framtill, slits mitt bak och har tv\u00e5 fickor med lock samt en br\u00f6stficka framtill. Kavajen&#8230;","protected":false},"featured_media":56897,"template":"","meta":[],"product_cat":[3769,3871,3636,4203,3922],"product_tag":[],"acf":[],"lang":"se","translations":{"se":51743,"en":50487},"pll_sync_post":[],"_links":{"self":[{"href":"https:\/\/upgrade-q.tedbernhardtz.com\/atworkcollectionshop\/wp-json\/wp\/v2\/product\/51743"}],"collection":[{"href":"https:\/\/upgrade-q.tedbernhardtz.com\/atworkcollectionshop\/wp-json\/wp\/v2\/product"}],"about":[{"href":"https:\/\/upgrade-q.tedbernhardtz.com\/atworkcollectionshop\/wp-json\/wp\/v2\/types\/product"}],"wp:featuredmedia":[{"embeddable":true,"href":"https:\/\/upgrade-q.tedbernhardtz.com\/atworkcollectionshop\/wp-json\/wp\/v2\/media\/56897"}],"wp:attachment":[{"href":"https:\/\/upgrade-q.tedbernhardtz.com\/atworkcollectionshop\/wp-json\/wp\/v2\/media?parent=51743"}],"wp:term":[{"taxonomy":"product_cat","embeddable":true,"href":"https:\/\/upgrade-q.tedbernhardtz.com\/atworkcollectionshop\/wp-json\/wp\/v2\/product_cat?post=51743"},{"taxonomy":"product_tag","embeddable":true,"href":"https:\/\/upgrade-q.tedbernhardtz.com\/atworkcollectionshop\/wp-json\/wp\/v2\/product_tag?post=51743"}],"curies":[{"name":"wp","href":"https:\/\/api.w.org\/{rel}","templated":true}]}}