{"id":51724,"date":"2019-04-30T09:31:18","date_gmt":"2019-04-30T09:31:18","guid":{"rendered":"https:\/\/upgrade-q.tedbernhardtz.com\/atworkcollectionshop\/?post_type=product&#038;p=51724"},"modified":"2024-07-11T20:26:52","modified_gmt":"2024-07-11T20:26:52","slug":"kjol-laura-501110420","status":"publish","type":"product","link":"https:\/\/upgrade-q.tedbernhardtz.com\/atworkcollectionshop\/se\/produkt\/kjol-laura-501110420\/","title":{"rendered":"Kjol Laura- KAMPANJ"},"content":{"rendered":"<p>Laura \u00e4r en slim fit kjol i marinbl\u00e5 100% ull Supreme fr\u00e5n Ted Bernhardtz At Work. Kjolen \u00e4r pennformad, har en smal passform och klassisk look i melange med svarta inslag i v\u00e4ven. Kjolen har en fast linning med dold dragkedja och hyska och hake bak. Kjolen \u00e4r helfodrad med slits mitt bak och slutar strax ovanf\u00f6r kn\u00e4t.<\/p>\r\n<p>B\u00e4r kjolen f\u00f6r sig sj\u00e4lv eller matcha med damkavaj Estelle slim fit Supreme en komplett kostym.<\/p>","protected":false},"excerpt":{"rendered":"Laura \u00e4r en slim fit kjol i marinbl\u00e5 100% ull Supreme fr\u00e5n Ted Bernhardtz At Work. Kjolen \u00e4r pennformad, har en smal passform och klassisk look i melange med svarta inslag i v\u00e4ven. Kjolen har en fast linning med dold dragkedja och hyska och hake bak. Kjolen \u00e4r helfodrad med slits mitt bak och slutar&#8230;","protected":false},"featured_media":52081,"template":"","meta":[],"product_cat":[3769,3871,3829,3869],"product_tag":[],"acf":[],"lang":"se","translations":{"se":51724,"en":50527},"pll_sync_post":[],"_links":{"self":[{"href":"https:\/\/upgrade-q.tedbernhardtz.com\/atworkcollectionshop\/wp-json\/wp\/v2\/product\/51724"}],"collection":[{"href":"https:\/\/upgrade-q.tedbernhardtz.com\/atworkcollectionshop\/wp-json\/wp\/v2\/product"}],"about":[{"href":"https:\/\/upgrade-q.tedbernhardtz.com\/atworkcollectionshop\/wp-json\/wp\/v2\/types\/product"}],"wp:featuredmedia":[{"embeddable":true,"href":"https:\/\/upgrade-q.tedbernhardtz.com\/atworkcollectionshop\/wp-json\/wp\/v2\/media\/52081"}],"wp:attachment":[{"href":"https:\/\/upgrade-q.tedbernhardtz.com\/atworkcollectionshop\/wp-json\/wp\/v2\/media?parent=51724"}],"wp:term":[{"taxonomy":"product_cat","embeddable":true,"href":"https:\/\/upgrade-q.tedbernhardtz.com\/atworkcollectionshop\/wp-json\/wp\/v2\/product_cat?post=51724"},{"taxonomy":"product_tag","embeddable":true,"href":"https:\/\/upgrade-q.tedbernhardtz.com\/atworkcollectionshop\/wp-json\/wp\/v2\/product_tag?post=51724"}],"curies":[{"name":"wp","href":"https:\/\/api.w.org\/{rel}","templated":true}]}}