{"id":51675,"date":"2019-04-30T09:30:34","date_gmt":"2019-04-30T09:30:34","guid":{"rendered":"https:\/\/upgrade-q.tedbernhardtz.com\/atworkcollectionshop\/?post_type=product&#038;p=51675"},"modified":"2024-07-11T20:27:01","modified_gmt":"2024-07-11T20:27:01","slug":"skjorta-herr-steven-lang-arm-501120000","status":"publish","type":"product","link":"https:\/\/upgrade-q.tedbernhardtz.com\/atworkcollectionshop\/se\/produkt\/skjorta-herr-steven-lang-arm-501120000\/","title":{"rendered":"Skjorta herr Steven, l\u00e5ng \u00e4rm"},"content":{"rendered":"<p>Steven \u00e4r en l\u00e5ng\u00e4rmad skjorta i vit bomull\/polyesterblandning fr\u00e5n Ted Bernhardtz At Work. Skjortan har en normal klassisk passform i en l\u00e4ttstruken poplinkvalit\u00e9. Skjortan har en klassisk spetsig krage, synlig knappsl\u00e5 framtill och \u00e4r rakt skuren nertill. Skjortan har tv\u00e5 br\u00f6stfickor med en pennficka p\u00e5 v\u00e4nster br\u00f6stficka. Manschett med tv\u00e5 knappar med ett extra knapph\u00e5l f\u00f6r manschettknapp.<\/p>","protected":false},"excerpt":{"rendered":"Steven \u00e4r en l\u00e5ng\u00e4rmad skjorta i vit bomull\/polyesterblandning fr\u00e5n Ted Bernhardtz At Work. Skjortan har en normal klassisk passform i en l\u00e4ttstruken poplinkvalit\u00e9. Skjortan har en klassisk spetsig krage, synlig knappsl\u00e5 framtill och \u00e4r rakt skuren nertill. Skjortan har tv\u00e5 br\u00f6stfickor med en pennficka p\u00e5 v\u00e4nster br\u00f6stficka. Manschett med tv\u00e5 knappar med ett extra knapph\u00e5l&#8230;","protected":false},"featured_media":66548,"template":"","meta":[],"product_cat":[2661,2674,2687],"product_tag":[],"acf":[],"lang":"se","translations":{"se":51675,"en":50611},"pll_sync_post":[],"_links":{"self":[{"href":"https:\/\/upgrade-q.tedbernhardtz.com\/atworkcollectionshop\/wp-json\/wp\/v2\/product\/51675"}],"collection":[{"href":"https:\/\/upgrade-q.tedbernhardtz.com\/atworkcollectionshop\/wp-json\/wp\/v2\/product"}],"about":[{"href":"https:\/\/upgrade-q.tedbernhardtz.com\/atworkcollectionshop\/wp-json\/wp\/v2\/types\/product"}],"wp:featuredmedia":[{"embeddable":true,"href":"https:\/\/upgrade-q.tedbernhardtz.com\/atworkcollectionshop\/wp-json\/wp\/v2\/media\/66548"}],"wp:attachment":[{"href":"https:\/\/upgrade-q.tedbernhardtz.com\/atworkcollectionshop\/wp-json\/wp\/v2\/media?parent=51675"}],"wp:term":[{"taxonomy":"product_cat","embeddable":true,"href":"https:\/\/upgrade-q.tedbernhardtz.com\/atworkcollectionshop\/wp-json\/wp\/v2\/product_cat?post=51675"},{"taxonomy":"product_tag","embeddable":true,"href":"https:\/\/upgrade-q.tedbernhardtz.com\/atworkcollectionshop\/wp-json\/wp\/v2\/product_tag?post=51675"}],"curies":[{"name":"wp","href":"https:\/\/api.w.org\/{rel}","templated":true}]}}