{"id":51564,"date":"2019-04-30T09:28:31","date_gmt":"2019-04-30T09:28:31","guid":{"rendered":"https:\/\/upgrade-q.tedbernhardtz.com\/atworkcollectionshop\/?post_type=product&#038;p=51564"},"modified":"2024-07-11T20:27:36","modified_gmt":"2024-07-11T20:27:36","slug":"pilotskjorta-dam-frida-lang-arm-501121500","status":"publish","type":"product","link":"https:\/\/upgrade-q.tedbernhardtz.com\/atworkcollectionshop\/se\/produkt\/pilotskjorta-dam-frida-lang-arm-501121500\/","title":{"rendered":"Pilotskjorta dam Frida, l\u00e5ng \u00e4rm"},"content":{"rendered":"<p>Frida \u00e4r en l\u00e5ng\u00e4rmad pilotskjorta i vit bomulltwill med easy-care behandling fr\u00e5n Ted Bernhardtz At Work. Skjortan har en normal passform och dressad look i en fin twill med dubbeltvinnade garner i 100% bomull. Skjortan har en klassisk spetsig krage, axelklaffar, synlig knappsl\u00e5 framtill och \u00e4r rakt skuren nertill. Skjortan har tv\u00e5 br\u00f6stfickor med lock varav en med pennficka p\u00e5 v\u00e4nster sida och manschetter med tv\u00e5 knappar.<\/p>","protected":false},"excerpt":{"rendered":"Frida \u00e4r en l\u00e5ng\u00e4rmad pilotskjorta i vit bomulltwill med easy-care behandling fr\u00e5n Ted Bernhardtz At Work. Skjortan har en normal passform och dressad look i en fin twill med dubbeltvinnade garner i 100% bomull. Skjortan har en klassisk spetsig krage, axelklaffar, synlig knappsl\u00e5 framtill och \u00e4r rakt skuren nertill. Skjortan har tv\u00e5 br\u00f6stfickor med lock&#8230;","protected":false},"featured_media":66640,"template":"","meta":[],"product_cat":[2661,2674,3219,2735],"product_tag":[],"acf":[],"lang":"se","translations":{"se":51564,"en":50838},"pll_sync_post":[],"_links":{"self":[{"href":"https:\/\/upgrade-q.tedbernhardtz.com\/atworkcollectionshop\/wp-json\/wp\/v2\/product\/51564"}],"collection":[{"href":"https:\/\/upgrade-q.tedbernhardtz.com\/atworkcollectionshop\/wp-json\/wp\/v2\/product"}],"about":[{"href":"https:\/\/upgrade-q.tedbernhardtz.com\/atworkcollectionshop\/wp-json\/wp\/v2\/types\/product"}],"wp:featuredmedia":[{"embeddable":true,"href":"https:\/\/upgrade-q.tedbernhardtz.com\/atworkcollectionshop\/wp-json\/wp\/v2\/media\/66640"}],"wp:attachment":[{"href":"https:\/\/upgrade-q.tedbernhardtz.com\/atworkcollectionshop\/wp-json\/wp\/v2\/media?parent=51564"}],"wp:term":[{"taxonomy":"product_cat","embeddable":true,"href":"https:\/\/upgrade-q.tedbernhardtz.com\/atworkcollectionshop\/wp-json\/wp\/v2\/product_cat?post=51564"},{"taxonomy":"product_tag","embeddable":true,"href":"https:\/\/upgrade-q.tedbernhardtz.com\/atworkcollectionshop\/wp-json\/wp\/v2\/product_tag?post=51564"}],"curies":[{"name":"wp","href":"https:\/\/api.w.org\/{rel}","templated":true}]}}