{"id":51528,"date":"2019-04-30T09:28:17","date_gmt":"2019-04-30T09:28:17","guid":{"rendered":"https:\/\/upgrade-q.tedbernhardtz.com\/atworkcollectionshop\/?post_type=product&#038;p=51528"},"modified":"2024-07-11T20:27:39","modified_gmt":"2024-07-11T20:27:39","slug":"skjorta-dam-lisa-lang-arm-501121700","status":"publish","type":"product","link":"https:\/\/upgrade-q.tedbernhardtz.com\/atworkcollectionshop\/se\/produkt\/skjorta-dam-lisa-lang-arm-501121700\/","title":{"rendered":"Skjorta dam Lisa, l\u00e5ng \u00e4rm"},"content":{"rendered":"<p>Lisa \u00e4r en l\u00e5ng\u00e4rmad skjorta i vit bomullstwill med easy-care behandling fr\u00e5n Ted Bernhardtz At Work. Skjortan har en smal passform och dressad look i en fin twill med dubbeltvinnade garner i 100% bomull. Skjortan har en modern spetsig krage, vikt knappsl\u00e5 framtill, manschetter med tv\u00e5 knappar och \u00e4r runt skuren nertill.<\/p>","protected":false},"excerpt":{"rendered":"Lisa \u00e4r en l\u00e5ng\u00e4rmad skjorta i vit bomullstwill med easy-care behandling fr\u00e5n Ted Bernhardtz At Work. Skjortan har en smal passform och dressad look i en fin twill med dubbeltvinnade garner i 100% bomull. Skjortan har en modern spetsig krage, vikt knappsl\u00e5 framtill, manschetter med tv\u00e5 knappar och \u00e4r runt skuren nertill.","protected":false},"featured_media":56918,"template":"","meta":[],"product_cat":[2661,2674,2687],"product_tag":[],"acf":[],"lang":"se","translations":{"se":51528,"en":50864},"pll_sync_post":[],"_links":{"self":[{"href":"https:\/\/upgrade-q.tedbernhardtz.com\/atworkcollectionshop\/wp-json\/wp\/v2\/product\/51528"}],"collection":[{"href":"https:\/\/upgrade-q.tedbernhardtz.com\/atworkcollectionshop\/wp-json\/wp\/v2\/product"}],"about":[{"href":"https:\/\/upgrade-q.tedbernhardtz.com\/atworkcollectionshop\/wp-json\/wp\/v2\/types\/product"}],"wp:featuredmedia":[{"embeddable":true,"href":"https:\/\/upgrade-q.tedbernhardtz.com\/atworkcollectionshop\/wp-json\/wp\/v2\/media\/56918"}],"wp:attachment":[{"href":"https:\/\/upgrade-q.tedbernhardtz.com\/atworkcollectionshop\/wp-json\/wp\/v2\/media?parent=51528"}],"wp:term":[{"taxonomy":"product_cat","embeddable":true,"href":"https:\/\/upgrade-q.tedbernhardtz.com\/atworkcollectionshop\/wp-json\/wp\/v2\/product_cat?post=51528"},{"taxonomy":"product_tag","embeddable":true,"href":"https:\/\/upgrade-q.tedbernhardtz.com\/atworkcollectionshop\/wp-json\/wp\/v2\/product_tag?post=51528"}],"curies":[{"name":"wp","href":"https:\/\/api.w.org\/{rel}","templated":true}]}}