{"id":51509,"date":"2019-04-30T09:27:43","date_gmt":"2019-04-30T09:27:43","guid":{"rendered":"https:\/\/upgrade-q.tedbernhardtz.com\/atworkcollectionshop\/?post_type=product&#038;p=51509"},"modified":"2024-07-11T20:27:44","modified_gmt":"2024-07-11T20:27:44","slug":"skjorta-dam-tina-lang-arm-501125200","status":"publish","type":"product","link":"https:\/\/upgrade-q.tedbernhardtz.com\/atworkcollectionshop\/se\/produkt\/skjorta-dam-tina-lang-arm-501125200\/","title":{"rendered":"Skjorta dam Tina, l\u00e5ng \u00e4rm"},"content":{"rendered":"<p>Tina \u00e4r en l\u00e5ng\u00e4rmad skjorta i vit bomull fr\u00e5n Ted Bernhardtz At Work. Skjortan har en smal passform och tv\u00e4ttad look i en 100% bomull Oxfordkvalit\u00e9. Skjortan har en modern spetsig krage, synlig knappsl\u00e5 framtill, manschetter med tv\u00e5 knappar och \u00e4r runt skuren nertill.<\/p>","protected":false},"excerpt":{"rendered":"Tina \u00e4r en l\u00e5ng\u00e4rmad skjorta i vit bomull fr\u00e5n Ted Bernhardtz At Work. Skjortan har en smal passform och tv\u00e4ttad look i en 100% bomull Oxfordkvalit\u00e9. Skjortan har en modern spetsig krage, synlig knappsl\u00e5 framtill, manschetter med tv\u00e5 knappar och \u00e4r runt skuren nertill.","protected":false},"featured_media":56511,"template":"","meta":[],"product_cat":[7076,2661,2674,2735],"product_tag":[],"acf":[],"lang":"se","translations":{"se":51509,"en":50905},"pll_sync_post":[],"_links":{"self":[{"href":"https:\/\/upgrade-q.tedbernhardtz.com\/atworkcollectionshop\/wp-json\/wp\/v2\/product\/51509"}],"collection":[{"href":"https:\/\/upgrade-q.tedbernhardtz.com\/atworkcollectionshop\/wp-json\/wp\/v2\/product"}],"about":[{"href":"https:\/\/upgrade-q.tedbernhardtz.com\/atworkcollectionshop\/wp-json\/wp\/v2\/types\/product"}],"wp:featuredmedia":[{"embeddable":true,"href":"https:\/\/upgrade-q.tedbernhardtz.com\/atworkcollectionshop\/wp-json\/wp\/v2\/media\/56511"}],"wp:attachment":[{"href":"https:\/\/upgrade-q.tedbernhardtz.com\/atworkcollectionshop\/wp-json\/wp\/v2\/media?parent=51509"}],"wp:term":[{"taxonomy":"product_cat","embeddable":true,"href":"https:\/\/upgrade-q.tedbernhardtz.com\/atworkcollectionshop\/wp-json\/wp\/v2\/product_cat?post=51509"},{"taxonomy":"product_tag","embeddable":true,"href":"https:\/\/upgrade-q.tedbernhardtz.com\/atworkcollectionshop\/wp-json\/wp\/v2\/product_tag?post=51509"}],"curies":[{"name":"wp","href":"https:\/\/api.w.org\/{rel}","templated":true}]}}